{"id":872,"date":"2021-10-04T06:14:55","date_gmt":"2021-10-04T05:14:55","guid":{"rendered":"http:\/\/www.le-herisson-ramoneur.fr\/?page_id=872"},"modified":"2023-03-26T18:16:39","modified_gmt":"2023-03-26T17:16:39","slug":"rika","status":"publish","type":"page","link":"https:\/\/www.le-herisson-ramoneur.fr\/index.php\/rika\/","title":{"rendered":"RIKA"},"content":{"rendered":"<p style=\"text-align: center;\"><a href=\"https:\/\/www.le-herisson-ramoneur.fr\/wp-content\/uploads\/2021\/10\/po\u00eale-\u00e0-granul\u00e9s-Rika-Ussel-Le-H\u00e9risson-Ramoneur.jpg\"><img loading=\"lazy\" decoding=\"async\" class=\"size-medium wp-image-1166 aligncenter\" src=\"https:\/\/www.le-herisson-ramoneur.fr\/wp-content\/uploads\/2021\/10\/po\u00eale-\u00e0-granul\u00e9s-Rika-Ussel-Le-H\u00e9risson-Ramoneur-300x169.jpg\" alt=\"po\u00eale \u00e0 granul\u00e9s Rika Ussel Le H\u00e9risson Ramoneur\" width=\"300\" height=\"169\" srcset=\"https:\/\/www.le-herisson-ramoneur.fr\/wp-content\/uploads\/2021\/10\/po\u00eale-\u00e0-granul\u00e9s-Rika-Ussel-Le-H\u00e9risson-Ramoneur-300x169.jpg 300w, https:\/\/www.le-herisson-ramoneur.fr\/wp-content\/uploads\/2021\/10\/po\u00eale-\u00e0-granul\u00e9s-Rika-Ussel-Le-H\u00e9risson-Ramoneur-768x432.jpg 768w, https:\/\/www.le-herisson-ramoneur.fr\/wp-content\/uploads\/2021\/10\/po\u00eale-\u00e0-granul\u00e9s-Rika-Ussel-Le-H\u00e9risson-Ramoneur-1024x576.jpg 1024w, https:\/\/www.le-herisson-ramoneur.fr\/wp-content\/uploads\/2021\/10\/po\u00eale-\u00e0-granul\u00e9s-Rika-Ussel-Le-H\u00e9risson-Ramoneur.jpg 1366w\" sizes=\"auto, (max-width: 300px) 100vw, 300px\" \/><\/a><a href=\"https:\/\/www.le-herisson-ramoneur.fr\/wp-content\/uploads\/2021\/10\/RIKA_Logo_gris_clair_orange.jpg\"><img loading=\"lazy\" decoding=\"async\" class=\"size-medium wp-image-873 aligncenter\" src=\"https:\/\/www.le-herisson-ramoneur.fr\/wp-content\/uploads\/2021\/10\/RIKA_Logo_gris_clair_orange-300x100.jpg\" alt=\"RIKA_Logo_gris_clair_orange\" width=\"300\" height=\"100\" srcset=\"https:\/\/www.le-herisson-ramoneur.fr\/wp-content\/uploads\/2021\/10\/RIKA_Logo_gris_clair_orange-300x100.jpg 300w, https:\/\/www.le-herisson-ramoneur.fr\/wp-content\/uploads\/2021\/10\/RIKA_Logo_gris_clair_orange-768x256.jpg 768w, https:\/\/www.le-herisson-ramoneur.fr\/wp-content\/uploads\/2021\/10\/RIKA_Logo_gris_clair_orange-1024x342.jpg 1024w, https:\/\/www.le-herisson-ramoneur.fr\/wp-content\/uploads\/2021\/10\/RIKA_Logo_gris_clair_orange.jpg 1247w\" sizes=\"auto, (max-width: 300px) 100vw, 300px\" \/><\/a><\/p>\n<p style=\"text-align: center;\"><span style=\"font-size: 20px; font-family: Trebuchet MS, Geneva;\">Nous installons des po\u00eales \u00e0 granul\u00e9s de la marque RIKA depuis 2014.<\/span><\/p>\n<p style=\"text-align: center;\"><span style=\"font-size: 20px; font-family: Trebuchet MS, Geneva;\">Nous vous les pr\u00e9sentons dans notre \u00ab\u00a0Show Room\u00a0\u00bb, 9 avenue de Clermont \u00e0 Ussel. <\/span><\/p>\n<p style=\"text-align: center;\"><span style=\"font-size: 20px; font-family: Trebuchet MS, Geneva;\">Le mardi de 09h30 \u00e0 12h00, le mercredi de 15h00 \u00e0 18h30, le vendredi de 09h30 \u00e0 12h00.<\/span><\/p>\n<p style=\"text-align: center;\"><span style=\"font-size: 20px; font-family: Trebuchet MS, Geneva;\">Nous avons mis en fonctionnement le mod\u00e8le DOMO, vous appr\u00e9cierez le silence, la qualit\u00e9 et la vision de sa flamme chaleureuse&#8230;.<\/span><\/p>\n<p style=\"text-align: center;\"><span style=\"font-size: 20px; font-family: Trebuchet MS, Geneva;\">En exposition, vous trouverez un po\u00eale mixte le Paro (bois &amp; granul\u00e9s), des po\u00eales \u00e0 granul\u00e9s de design intemporel, de diff\u00e9rentes puissances ainsi qu&rsquo;un po\u00eale \u00e0 bois avec allumage automatique.<\/span><\/p>\n<p style=\"text-align: center;\"><span style=\"font-size: 20px; font-family: Trebuchet MS, Geneva;\">Tous les po\u00eales RIKA sont \u00e9ligibles aux aides de l&rsquo;\u00e9tat.<\/span><\/p>\n<p style=\"text-align: center;\"><span style=\"font-size: 20px; font-family: Trebuchet MS, Geneva;\">\u00a0\u00a0\u00a0 <span style=\"text-decoration: underline;\"><strong>Qu&rsquo;est-ce qu&rsquo;un po\u00eale Mixte?<\/strong><\/span>\u00a0 \u00a0 <\/span><\/p>\n<p style=\"text-align: center;\"><span style=\"font-size: 20px; font-family: Trebuchet MS, Geneva;\"><strong><span style=\"color: #ce0000;\">C&rsquo;est un po\u00eale qui allie les deux combustibles: le bois &amp; le granul\u00e9<\/span><\/strong><\/span><\/p>\n<p style=\"text-align: center;\"><span style=\"font-size: 28px;\"><span style=\"font-size: 20px; font-family: Trebuchet MS, Geneva;\">Lorsqu&rsquo;il n&rsquo;y a plus de bois dans le po\u00eale, le granul\u00e9 prend le relais automatiquement sans interrompre le chauffage! La temp\u00e9rature de votre int\u00e9rieur est maintenue lorsque vous vous absentez!<\/span><br \/>\n<\/span><\/p>\n<p style=\"text-align: center;\"><a href=\"https:\/\/www.le-herisson-ramoneur.fr\/wp-content\/uploads\/2021\/10\/poele-\u00e0-granule-Rika-Ussel-le-herisson-ramoneur.jpg\"><img loading=\"lazy\" decoding=\"async\" class=\"size-medium wp-image-1164 aligncenter\" src=\"https:\/\/www.le-herisson-ramoneur.fr\/wp-content\/uploads\/2021\/10\/poele-\u00e0-granule-Rika-Ussel-le-herisson-ramoneur-300x169.jpg\" alt=\"poele \u00e0 granule Rika Ussel le herisson ramoneur\" width=\"300\" height=\"169\" srcset=\"https:\/\/www.le-herisson-ramoneur.fr\/wp-content\/uploads\/2021\/10\/poele-\u00e0-granule-Rika-Ussel-le-herisson-ramoneur-300x169.jpg 300w, https:\/\/www.le-herisson-ramoneur.fr\/wp-content\/uploads\/2021\/10\/poele-\u00e0-granule-Rika-Ussel-le-herisson-ramoneur-768x432.jpg 768w, https:\/\/www.le-herisson-ramoneur.fr\/wp-content\/uploads\/2021\/10\/poele-\u00e0-granule-Rika-Ussel-le-herisson-ramoneur-1024x576.jpg 1024w, https:\/\/www.le-herisson-ramoneur.fr\/wp-content\/uploads\/2021\/10\/poele-\u00e0-granule-Rika-Ussel-le-herisson-ramoneur.jpg 1366w\" sizes=\"auto, (max-width: 300px) 100vw, 300px\" \/><\/a><\/p>\n","protected":false},"excerpt":{"rendered":"<p>Nous installons des po\u00eales \u00e0 granul\u00e9s de la marque RIKA depuis 2014. Nous vous les pr\u00e9sentons dans notre \u00ab\u00a0Show Room\u00a0\u00bb, 9 avenue de Clermont \u00e0 Ussel. Le mardi de 09h30 <a class=\"more-link\" href=\"https:\/\/www.le-herisson-ramoneur.fr\/index.php\/rika\/\">Continue Reading \u2192<\/a><\/p>\n","protected":false},"author":2,"featured_media":874,"parent":0,"menu_order":0,"comment_status":"closed","ping_status":"closed","template":"","meta":{"footnotes":""},"class_list":["post-872","page","type-page","status-publish","has-post-thumbnail","hentry"],"aioseo_notices":[],"_links":{"self":[{"href":"https:\/\/www.le-herisson-ramoneur.fr\/index.php\/wp-json\/wp\/v2\/pages\/872","targetHints":{"allow":["GET"]}}],"collection":[{"href":"https:\/\/www.le-herisson-ramoneur.fr\/index.php\/wp-json\/wp\/v2\/pages"}],"about":[{"href":"https:\/\/www.le-herisson-ramoneur.fr\/index.php\/wp-json\/wp\/v2\/types\/page"}],"author":[{"embeddable":true,"href":"https:\/\/www.le-herisson-ramoneur.fr\/index.php\/wp-json\/wp\/v2\/users\/2"}],"replies":[{"embeddable":true,"href":"https:\/\/www.le-herisson-ramoneur.fr\/index.php\/wp-json\/wp\/v2\/comments?post=872"}],"version-history":[{"count":17,"href":"https:\/\/www.le-herisson-ramoneur.fr\/index.php\/wp-json\/wp\/v2\/pages\/872\/revisions"}],"predecessor-version":[{"id":1169,"href":"https:\/\/www.le-herisson-ramoneur.fr\/index.php\/wp-json\/wp\/v2\/pages\/872\/revisions\/1169"}],"wp:featuredmedia":[{"embeddable":true,"href":"https:\/\/www.le-herisson-ramoneur.fr\/index.php\/wp-json\/wp\/v2\/media\/874"}],"wp:attachment":[{"href":"https:\/\/www.le-herisson-ramoneur.fr\/index.php\/wp-json\/wp\/v2\/media?parent=872"}],"curies":[{"name":"wp","href":"https:\/\/api.w.org\/{rel}","templated":true}]}}