{"id":73,"date":"2016-04-25T11:14:43","date_gmt":"2016-04-25T10:14:43","guid":{"rendered":"http:\/\/le-herisson-ramoneur.fr\/?page_id=73"},"modified":"2025-10-17T05:55:14","modified_gmt":"2025-10-17T04:55:14","slug":"tarifs","status":"publish","type":"page","link":"https:\/\/www.le-herisson-ramoneur.fr\/index.php\/tarifs\/","title":{"rendered":"Tarifs"},"content":{"rendered":"<h2 style=\"text-align: center;\"><span style=\"font-family: handel-gothic; color: #00954a; font-size: 28px;\">Les tarifs saison 2025-2026 de certaines de nos prestations<\/span><span id=\"transmark\"><\/span><\/h2>\n<p>Tubage avec insert ou po\u00eale : 78\u20ac<\/p>\n<p>Tubage avec cuisini\u00e8re : 98\u20ac<\/p>\n<p>Tubage avec chaudi\u00e8re \u00e0 bois classique : 118\u20ac<\/p>\n<p>Tubage avec chaudi\u00e8re \u00e0 bois ventil\u00e9e : 169\u20ac<\/p>\n<p>Boisseau avec insert : 82\u20ac<\/p>\n<p>Boisseau avec po\u00eale : 82\u20ac<\/p>\n<p>Entretien complet d&rsquo;un po\u00eale \u00e0 granul\u00e9s : 159\u20ac (Hors remplacement joints \u00e0 changer si n\u00e9cessaire)<\/p>\n<p>Entretien complet d&rsquo;un po\u00eale \u00e0 granul\u00e9s avec complexit\u00e9 : 168\u20ac (Hors remplacement joints \u00e0 changer si n\u00e9cessaire)<\/p>\n<p>Petit foyer ouvert : Suivant la taille et le degr\u00e9 d&rsquo;encrassement, \u00e0 partir de 96\u20ac<\/p>\n<p>Suppl\u00e9ment toiture : 15\u20ac\/20\u20ac<\/p>\n<p>Suppl\u00e9ment si d\u00e9montage du conduit de raccordement : 15\u20ac\/20\u20ac<\/p>\n<p>D\u00e9bistrage : sur devis<\/p>\n<p>Devis : Nous appliquons un tarif forfaitaire de 60\u20ac pour l&rsquo;\u00e9tude technique sur place, lorsque le d\u00e9placement exc\u00e8de 25 km de notre si\u00e8ge social (Chaveroche)<\/p>\n<p><span style=\"color: #00954a; font-family: handel-gothic; font-size: 20px;\"><strong><em>Nota : Ces tarifs sont donn\u00e9s \u00e0 titre indicatif, suivant la configuration de votre installation ceux-ci peuvent \u00eatre r\u00e9\u00e9valu\u00e9s.<\/em> <\/strong><\/span><\/p>\n<p style=\"text-align: center;\"><strong><span style=\"color: #ce6700;\"><span style=\"font-family: handel-gothic; font-size: 28px;\">N&rsquo;h\u00e9sitez pas,<\/span><\/span><a href=\"https:\/\/www.le-herisson-ramoneur.fr\/index.php\/contacts\/\"><span style=\"color: #ce6700;\"><span style=\"font-family: handel-gothic; font-size: 28px;\"> c<\/span><\/span><span style=\"color: #ce6700;\"><span style=\"font-family: handel-gothic; font-size: 28px;\">ontactez-nous ! <\/span><\/span><\/a><\/strong><\/p>\n","protected":false},"excerpt":{"rendered":"<p>Les tarifs saison 2025-2026 de certaines de nos prestations Tubage avec insert ou po\u00eale : 78\u20ac Tubage avec cuisini\u00e8re : 98\u20ac Tubage avec chaudi\u00e8re \u00e0 bois classique : 118\u20ac Tubage <a class=\"more-link\" href=\"https:\/\/www.le-herisson-ramoneur.fr\/index.php\/tarifs\/\">Continue Reading \u2192<\/a><\/p>\n","protected":false},"author":2,"featured_media":0,"parent":0,"menu_order":0,"comment_status":"closed","ping_status":"closed","template":"","meta":{"footnotes":""},"class_list":["post-73","page","type-page","status-publish","hentry"],"aioseo_notices":[],"_links":{"self":[{"href":"https:\/\/www.le-herisson-ramoneur.fr\/index.php\/wp-json\/wp\/v2\/pages\/73","targetHints":{"allow":["GET"]}}],"collection":[{"href":"https:\/\/www.le-herisson-ramoneur.fr\/index.php\/wp-json\/wp\/v2\/pages"}],"about":[{"href":"https:\/\/www.le-herisson-ramoneur.fr\/index.php\/wp-json\/wp\/v2\/types\/page"}],"author":[{"embeddable":true,"href":"https:\/\/www.le-herisson-ramoneur.fr\/index.php\/wp-json\/wp\/v2\/users\/2"}],"replies":[{"embeddable":true,"href":"https:\/\/www.le-herisson-ramoneur.fr\/index.php\/wp-json\/wp\/v2\/comments?post=73"}],"version-history":[{"count":25,"href":"https:\/\/www.le-herisson-ramoneur.fr\/index.php\/wp-json\/wp\/v2\/pages\/73\/revisions"}],"predecessor-version":[{"id":1288,"href":"https:\/\/www.le-herisson-ramoneur.fr\/index.php\/wp-json\/wp\/v2\/pages\/73\/revisions\/1288"}],"wp:attachment":[{"href":"https:\/\/www.le-herisson-ramoneur.fr\/index.php\/wp-json\/wp\/v2\/media?parent=73"}],"curies":[{"name":"wp","href":"https:\/\/api.w.org\/{rel}","templated":true}]}}