{"id":71,"date":"2016-04-25T11:14:03","date_gmt":"2016-04-25T10:14:03","guid":{"rendered":"http:\/\/le-herisson-ramoneur.fr\/?page_id=71"},"modified":"2024-10-14T05:17:29","modified_gmt":"2024-10-14T04:17:29","slug":"conseils","status":"publish","type":"page","link":"https:\/\/www.le-herisson-ramoneur.fr\/index.php\/conseils\/","title":{"rendered":"Conseils"},"content":{"rendered":"<p style=\"text-align: center;\"><strong><span style=\"font-family: handel-gothic; font-size: 32px; color: #ce6700;\"><img loading=\"lazy\" decoding=\"async\" class=\"wp-image-343 aligncenter\" src=\"https:\/\/www.le-herisson-ramoneur.fr\/wp-content\/uploads\/2016\/04\/Herisson-logo-sans-compressionJPEG-300x211.jpg\" alt=\"Herisson logo sans compressionJPEG\" width=\"58\" height=\"41\" srcset=\"https:\/\/www.le-herisson-ramoneur.fr\/wp-content\/uploads\/2016\/04\/Herisson-logo-sans-compressionJPEG-300x211.jpg 300w, https:\/\/www.le-herisson-ramoneur.fr\/wp-content\/uploads\/2016\/04\/Herisson-logo-sans-compressionJPEG-768x541.jpg 768w, https:\/\/www.le-herisson-ramoneur.fr\/wp-content\/uploads\/2016\/04\/Herisson-logo-sans-compressionJPEG.jpg 794w\" sizes=\"auto, (max-width: 58px) 100vw, 58px\" \/><span style=\"color: #4a9500;\">Le ramonage,<\/span><\/span><span style=\"font-family: handel-gothic;\"><span style=\"font-size: 32px; color: #ce6700;\"><span style=\"color: #4a9500;\"> pourqu<\/span><\/span><span style=\"font-size: 32px; color: #ce6700;\"><span style=\"color: #4a9500;\">oi<\/span><\/span><span style=\"font-size: 32px; color: #ce6700;\"><span style=\"color: #4a9500;\"> ?<\/span><\/span><\/span><\/strong><\/p>\n<p style=\"text-align: left;\"><span style=\"font-family: Trebuchet MS,Geneva;\">Le ramonage est essentiel \u00e0 la pr\u00e9vention contre les incendies et les intoxications au monoxyde de <\/span><span style=\"font-family: Trebuchet MS,Geneva;\">carbone. Il existe une multitude de bonnes raisons pour faire ramoner et en voici quelques unes.<\/span><br \/>\n<span style=\"font-family: handel-gothic; color: #ce6700;\">Parce que c&rsquo;est obligatoire:<\/span><br \/>\n<span style=\"font-family: Trebuchet MS,Geneva;\">Le \u00ab RSDT \u00bb R\u00e8glement Sanitaire D\u00e9partemental Type (pour l&rsquo;ensemble du territoire m\u00e9tropolitain) <\/span><span style=\"font-family: Trebuchet MS,Geneva;\">impose l&rsquo;obligation de ramonage des conduits de fum\u00e9e (art 31.6) 2 fois par an (1 fois seulement <\/span><span style=\"font-family: Trebuchet MS,Geneva;\">pour le gaz) et par une soci\u00e9t\u00e9 certifi\u00e9e (le ramoneur doit \u00eatre titr\u00e9 en ramonage fumisterie)<\/span><\/p>\n<p style=\"text-align: left;\"><span style=\"font-family: handel-gothic; color: #ce6700;\">Pour un meilleur rendement:<\/span><br \/>\n<span style=\"font-family: Trebuchet MS,Geneva;\">La combustion du bois, de fioul, du charbon, ou de n&rsquo;importe quel produit d\u00e9riv\u00e9 laisse dans <\/span><span style=\"font-family: Trebuchet MS,Geneva;\">l&rsquo;appareil et les conduits de fum\u00e9e des d\u00e9p\u00f4ts inflammables qui diminuent le rendement de<\/span><br \/>\n<span style=\"font-family: Trebuchet MS,Geneva;\">l&rsquo;appareil et augmentent le risque de feu de chemin\u00e9e. C&rsquo;est le r\u00f4le du ramoneur d&rsquo;enlever ces <\/span><span style=\"font-family: Trebuchet MS,Geneva;\">d\u00e9p\u00f4ts.<\/span><\/p>\n<p style=\"text-align: left;\"><span style=\"font-family: handel-gothic; color: #ce6700;\">Pour v\u00e9rifier que la vacuit\u00e9 du conduit:<\/span><br \/>\n<span style=\"font-family: Trebuchet MS,Geneva;\">les chemin\u00e9es peuvent \u00eatre bouch\u00e9es soit par des nids d&rsquo;oiseaux, soit par des \u00e9l\u00e9ments de <\/span><span style=\"font-family: Trebuchet MS,Geneva;\">ma\u00e7onnerie ou de m\u00e9tal provenant de la d\u00e9t\u00e9rioration de la chemin\u00e9e m\u00eame. C&rsquo;est le r\u00f4le du <\/span><span style=\"font-family: Trebuchet MS,Geneva;\">ramoneur de contr\u00f4ler la vacuit\u00e9 du conduit.<\/span><\/p>\n<p style=\"text-align: left;\"><span style=\"font-family: handel-gothic; color: #ce6700;\">Pour le contr\u00f4le de l&rsquo;installation:<\/span><br \/>\n<span style=\"font-family: Trebuchet MS,Geneva;\">Des anomalies peuvent survenir au niveau de l&rsquo;appareil, du tuyau et\/ou de la chemin\u00e9e, et un <\/span><span style=\"font-family: Trebuchet MS,Geneva;\">ramoneur comp\u00e9tent qui poss\u00e8de un oeil averti pourra, d\u00e9celer les probl\u00e8mes avant qu&rsquo;un incident <\/span><span style=\"font-family: Trebuchet MS,Geneva;\">f\u00e2cheux ne survienne.<\/span><\/p>\n<p style=\"text-align: left;\"><span style=\"font-family: handel-gothic; color: #ce6700;\">Pour l&rsquo;information:<\/span><br \/>\n<span style=\"font-family: Trebuchet MS,Geneva;\">Un ramoneur comp\u00e9tent est capable de donner des informations pertinentes \u00e0 ses clients et de <\/span><span style=\"font-family: Trebuchet MS,Geneva;\">donner des indications pour une meilleure utilisation de l&rsquo;installation. Vous pourrez de cette mani\u00e8re <\/span><span style=\"font-family: Trebuchet MS,Geneva;\">chauffer en s\u00e9curit\u00e9 et de fa\u00e7on plus efficace.<\/span><\/p>\n<p style=\"text-align: center;\"><span style=\"font-family: handel-gothic; color: #ce6700; font-size: 32px;\"><img loading=\"lazy\" decoding=\"async\" class=\"wp-image-343 aligncenter\" src=\"https:\/\/www.le-herisson-ramoneur.fr\/wp-content\/uploads\/2016\/04\/Herisson-logo-sans-compressionJPEG-300x211.jpg\" alt=\"Herisson logo sans compressionJPEG\" width=\"63\" height=\"44\" srcset=\"https:\/\/www.le-herisson-ramoneur.fr\/wp-content\/uploads\/2016\/04\/Herisson-logo-sans-compressionJPEG-300x211.jpg 300w, https:\/\/www.le-herisson-ramoneur.fr\/wp-content\/uploads\/2016\/04\/Herisson-logo-sans-compressionJPEG-768x541.jpg 768w, https:\/\/www.le-herisson-ramoneur.fr\/wp-content\/uploads\/2016\/04\/Herisson-logo-sans-compressionJPEG.jpg 794w\" sizes=\"auto, (max-width: 63px) 100vw, 63px\" \/><\/span><\/p>\n<p style=\"text-align: center;\"><span style=\"color: #4a9500;\"><span style=\"font-family: handel-gothic; font-size: 32px;\">Un allumage \u00ab to<\/span><span style=\"font-family: Trebuchet MS,Geneva;\"><img loading=\"lazy\" decoding=\"async\" class=\"wp-image-481 alignright\" src=\"https:\/\/www.le-herisson-ramoneur.fr\/wp-content\/uploads\/2016\/04\/top-down-croquis.jpg\" alt=\"top down croquis\" width=\"176\" height=\"177\" srcset=\"https:\/\/www.le-herisson-ramoneur.fr\/wp-content\/uploads\/2016\/04\/top-down-croquis.jpg 224w, https:\/\/www.le-herisson-ramoneur.fr\/wp-content\/uploads\/2016\/04\/top-down-croquis-150x150.jpg 150w\" sizes=\"auto, (max-width: 176px) 100vw, 176px\" \/><\/span><span style=\"font-family: handel-gothic; font-size: 32px;\">p-down \u00bb<\/span><\/span><\/p>\n<p style=\"text-align: left;\">Voici une fa\u00e7on originale d&rsquo;allumer un feu (pour une chemin\u00e9e, un po\u00eale ou m\u00eame un barbecue).<\/p>\n<p style=\"text-align: left;\">Cette m\u00e9thode ne para\u00eet peut-\u00eatre pas intuitive, elle a pourtant tous les avantages :<br \/>\n<span style=\"color: #ce6700; font-family: handel-gothic;\">Facile \u2013 Efficace \u2013 Moins de pollution &#8211; Moins de fum\u00e9e &#8211; Moins de cendre &#8211; Meilleur rendement.<\/span><\/p>\n<p style=\"text-align: left;\">Le grand principe est d&rsquo;allumer le feu par le haut, la flamme va descendre au fur et \u00e0 mesure de la combustion (d&rsquo;o\u00f9 le nom \u00ab\u00a0top-down\u00a0\u00bb, du haut vers le bas).<br \/>\nIl faut disposer les grosses b\u00fbches en premier, au fond du foyer. Ensuite, on pose dessus (id\u00e9alement perpendiculairement), des b\u00fbches de taille interm\u00e9diaire. Puis on termine au dessus (encore perpendiculairement) par le petit bois.<br \/>\n<span style=\"color: #ce6700;\">\u2714<\/span> Tout le bois doit \u00eatre bien sec et de petite section<br \/>\n<span style=\"color: #ce6700;\">\u2714<\/span> Il est important que l&rsquo;air puisse bien circuler.<\/p>\n<p style=\"text-align: left;\">On allume au dessus \u00e0 l&rsquo;aide d&rsquo;un allume feu \u00ab\u00a0\u00e9cologique\u00a0\u00bb. La combustion du petit bois n&rsquo;est pas g\u00ean\u00e9e (ce qui est le cas quand on met les grosses b\u00fbches au dessus). Il y a tr\u00e8s peu de fum\u00e9e au d\u00e9marrage, une mont\u00e9e en temp\u00e9rature du conduit plus rapide, un tirage plus efficace d\u00e9s le d\u00e9part donc un meilleur rendement et une plus faible pollution.<br \/>\nLe feu va descendre progressivement. Les grosses b\u00fbches vont \u00eatre chauff\u00e9es avant de s&rsquo;enflammer. Elles vont donc \u00ab\u00a0d\u00e9gazer\u00a0\u00bb, les petites particules vont passer \u00e0 travers les flammes et br\u00fbler \u00e0 leur tour am\u00e9liorant ainsi le rendement et r\u00e9duisant les cendres et les particules dans les fum\u00e9es.Votre conduit sera aussi moins encrass\u00e9. Il y a vraiment tous les avantages \u00e0 utiliser cette m\u00e9thode.<a href=\"https:\/\/www.le-herisson-ramoneur.fr\/wp-content\/uploads\/2016\/04\/Allumage-invers\u00e9-le-h\u00e9risson-ramoneur.jpg\"><img loading=\"lazy\" decoding=\"async\" class=\"size-medium wp-image-1159 alignleft\" src=\"https:\/\/www.le-herisson-ramoneur.fr\/wp-content\/uploads\/2016\/04\/Allumage-invers\u00e9-le-h\u00e9risson-ramoneur-218x300.jpg\" alt=\"Allumage invers\u00e9 le h\u00e9risson ramoneur\" width=\"218\" height=\"300\" srcset=\"https:\/\/www.le-herisson-ramoneur.fr\/wp-content\/uploads\/2016\/04\/Allumage-invers\u00e9-le-h\u00e9risson-ramoneur-218x300.jpg 218w, https:\/\/www.le-herisson-ramoneur.fr\/wp-content\/uploads\/2016\/04\/Allumage-invers\u00e9-le-h\u00e9risson-ramoneur.jpg 549w\" sizes=\"auto, (max-width: 218px) 100vw, 218px\" \/><\/a><a href=\"https:\/\/www.le-herisson-ramoneur.fr\/wp-content\/uploads\/2016\/04\/guide-pratique-chauffage-au-bois-mode-emploi_optimize_1.jpg\"><img loading=\"lazy\" decoding=\"async\" class=\"size-medium wp-image-1158 alignleft\" src=\"https:\/\/www.le-herisson-ramoneur.fr\/wp-content\/uploads\/2016\/04\/guide-pratique-chauffage-au-bois-mode-emploi_optimize_1-218x300.jpg\" alt=\"guide-pratique-chauffage-au-bois-mode-emploi_optimize_1\" width=\"218\" height=\"300\" srcset=\"https:\/\/www.le-herisson-ramoneur.fr\/wp-content\/uploads\/2016\/04\/guide-pratique-chauffage-au-bois-mode-emploi_optimize_1-218x300.jpg 218w, https:\/\/www.le-herisson-ramoneur.fr\/wp-content\/uploads\/2016\/04\/guide-pratique-chauffage-au-bois-mode-emploi_optimize_1.jpg 545w\" sizes=\"auto, (max-width: 218px) 100vw, 218px\" \/><\/a><span style=\"font-size: 28px;\"><em><span style=\"font-family: handel-gothic; color: #009500;\"><img loading=\"lazy\" decoding=\"async\" class=\"wp-image-343 aligncenter\" src=\"https:\/\/www.le-herisson-ramoneur.fr\/wp-content\/uploads\/2016\/04\/Herisson-logo-sans-compressionJPEG-300x211.jpg\" alt=\"Herisson logo sans compressionJPEG\" width=\"65\" height=\"46\" srcset=\"https:\/\/www.le-herisson-ramoneur.fr\/wp-content\/uploads\/2016\/04\/Herisson-logo-sans-compressionJPEG-300x211.jpg 300w, https:\/\/www.le-herisson-ramoneur.fr\/wp-content\/uploads\/2016\/04\/Herisson-logo-sans-compressionJPEG-768x541.jpg 768w, https:\/\/www.le-herisson-ramoneur.fr\/wp-content\/uploads\/2016\/04\/Herisson-logo-sans-compressionJPEG.jpg 794w\" sizes=\"auto, (max-width: 65px) 100vw, 65px\" \/><\/span><\/em><\/span><\/p>\n<p style=\"text-align: center;\"><span style=\"font-family: handel-gothic; font-size: 32px; color: #009500;\">Le po\u00eale \u00e0 granul\u00e9s\u00a0 <\/span><\/p>\n<p><span style=\"font-family: handel-gothic; font-size: 32px; color: #009500;\">C&rsquo;est un confort d&rsquo;utilisation, une combustion optimis\u00e9e. Une bonne utilisation &amp; une bonne installation permettent d&rsquo;obtenir de faibles \u00e9missions de particules fines. Trouvez ci-dessous le lien vers l&rsquo;Ademe pour plus de renseignements \u00e0 ce sujet!<\/span><\/p>\n<p style=\"text-align: center;\"><span style=\"font-family: handel-gothic; font-size: 20px;\"><a href=\"https:\/\/librairie.ademe.fr\/cadic\/7764\/fiche-installation-utilisation-poele-granules.pdf\">https:\/\/librairie.ademe.fr\/cadic\/7764\/fiche-installation-utilisation-poele-granules.pdf<\/a><\/span><\/p>\n<p style=\"text-align: center;\"><strong><span style=\"color: #ce6700; font-size: 24px;\"><span style=\"font-size: 32px; font-family: handel-gothic; color: #009500;\">Le bois<\/span><a href=\"https:\/\/www.le-herisson-ramoneur.fr\/wp-content\/uploads\/2016\/04\/BOIS-COEUR.jpg\"><img loading=\"lazy\" decoding=\"async\" class=\"wp-image-605 alignright\" src=\"https:\/\/www.le-herisson-ramoneur.fr\/wp-content\/uploads\/2016\/04\/BOIS-COEUR-300x225.jpg\" alt=\"BOIS COEUR\" width=\"223\" height=\"167\" srcset=\"https:\/\/www.le-herisson-ramoneur.fr\/wp-content\/uploads\/2016\/04\/BOIS-COEUR-300x225.jpg 300w, https:\/\/www.le-herisson-ramoneur.fr\/wp-content\/uploads\/2016\/04\/BOIS-COEUR-768x576.jpg 768w, https:\/\/www.le-herisson-ramoneur.fr\/wp-content\/uploads\/2016\/04\/BOIS-COEUR-1024x768.jpg 1024w, https:\/\/www.le-herisson-ramoneur.fr\/wp-content\/uploads\/2016\/04\/BOIS-COEUR.jpg 1920w\" sizes=\"auto, (max-width: 223px) 100vw, 223px\" \/><\/a><\/span><\/strong><\/p>\n<p style=\"text-align: left;\"><strong><span style=\"font-family: Trebuchet MS,Geneva; color: #ce6700;\">Ind\u00e9pendamment du type de bois utilis\u00e9 : plus le bois est sec, plus les fum\u00e9es sont propres, et plus le rendement \u00e9nerg\u00e9tique est important. C\u2019est pourquoi le bois doit \u00eatre stock\u00e9 au sec et a\u00e9r\u00e9, avec une humidit\u00e9 r\u00e9siduelle de 14 \u00e0 18 % maximum.<\/span><\/strong><\/p>\n<p><em><strong><span style=\"color: #274e00;\"><span style=\"color: #4a9500;\">Utilisez uniquement du bois non trait\u00e9,\u00a0les traitements \u00e9tant\u00a0mauvais pour l&rsquo;environnement et le conduit.\u00a0<\/span> <\/span><\/strong><\/em><\/p>\n<p><span style=\"color: #4a9500;\"><strong>La combustion de bois trait\u00e9s g\u00e9n\u00e8re des odeurs d\u00e9sagr\u00e9ables voire\u00a0nocives et des \u00e9missions polluantes.<\/strong> <strong>Ne pas mettre dans votre po\u00eale :<\/strong> <\/span><br \/>\n<span style=\"color: #4a9500;\">&#8211; <strong>Bois humide<\/strong><\/span><strong><span style=\"color: #ce6700;\"> (Humidit\u00e9 r\u00e9siduelle au-dessus de 20%)<\/span><\/strong><br \/>\n<strong> <span style=\"color: #4a9500;\">&#8211; Bois trait\u00e9, lamin\u00e9 ou tremp\u00e9<\/span><\/strong><br \/>\n<strong> <span style=\"color: #4a9500;\">&#8211; D\u00e9chets<\/span><\/strong><br \/>\n<strong> <span style=\"color: #4a9500;\">&#8211; Briquettes <\/span><\/strong><br \/>\n<strong> <span style=\"color: #4a9500;\">&#8211; Liquides inflammables, p\u00e2tes \u00e0 br\u00fbler et gel liquide<\/span><\/strong><\/p>\n<p style=\"text-align: center;\"><span style=\"font-size: 28px; background-color: #ffae5e;\"><em><span style=\"font-family: handel-gothic; color: #009500;\"><img loading=\"lazy\" decoding=\"async\" class=\"wp-image-343 aligncenter\" src=\"https:\/\/www.le-herisson-ramoneur.fr\/wp-content\/uploads\/2016\/04\/Herisson-logo-sans-compressionJPEG-300x211.jpg\" alt=\"Herisson logo sans compressionJPEG\" width=\"65\" height=\"46\" srcset=\"https:\/\/www.le-herisson-ramoneur.fr\/wp-content\/uploads\/2016\/04\/Herisson-logo-sans-compressionJPEG-300x211.jpg 300w, https:\/\/www.le-herisson-ramoneur.fr\/wp-content\/uploads\/2016\/04\/Herisson-logo-sans-compressionJPEG-768x541.jpg 768w, https:\/\/www.le-herisson-ramoneur.fr\/wp-content\/uploads\/2016\/04\/Herisson-logo-sans-compressionJPEG.jpg 794w\" sizes=\"auto, (max-width: 65px) 100vw, 65px\" \/><\/span><\/em><\/span><\/p>\n<p style=\"text-align: center;\"><span style=\"font-size: 32px; font-family: handel-gothic; color: #954a00;\">Nous sommes pr\u00e9sents sur le site Allo Ramonage.fr: <\/span><span style=\"font-size: 28px;\">https:\/\/www.alloramonage.fr\/<\/span><\/p>\n<p style=\"text-align: center;\"><span style=\"font-size: 28px; background-color: #ffae5e;\"><em><span style=\"font-family: handel-gothic; color: #009500;\"><img loading=\"lazy\" decoding=\"async\" class=\"wp-image-343 aligncenter\" src=\"https:\/\/www.le-herisson-ramoneur.fr\/wp-content\/uploads\/2016\/04\/Herisson-logo-sans-compressionJPEG-300x211.jpg\" alt=\"Herisson logo sans compressionJPEG\" width=\"65\" height=\"46\" srcset=\"https:\/\/www.le-herisson-ramoneur.fr\/wp-content\/uploads\/2016\/04\/Herisson-logo-sans-compressionJPEG-300x211.jpg 300w, https:\/\/www.le-herisson-ramoneur.fr\/wp-content\/uploads\/2016\/04\/Herisson-logo-sans-compressionJPEG-768x541.jpg 768w, https:\/\/www.le-herisson-ramoneur.fr\/wp-content\/uploads\/2016\/04\/Herisson-logo-sans-compressionJPEG.jpg 794w\" sizes=\"auto, (max-width: 65px) 100vw, 65px\" \/><\/span><\/em><\/span><\/p>\n","protected":false},"excerpt":{"rendered":"<p>Le ramonage, pourquoi ? Le ramonage est essentiel \u00e0 la pr\u00e9vention contre les incendies et les intoxications au monoxyde de carbone. Il existe une multitude de bonnes raisons pour faire <a class=\"more-link\" href=\"https:\/\/www.le-herisson-ramoneur.fr\/index.php\/conseils\/\">Continue Reading \u2192<\/a><\/p>\n","protected":false},"author":2,"featured_media":0,"parent":0,"menu_order":0,"comment_status":"closed","ping_status":"closed","template":"","meta":{"footnotes":""},"class_list":["post-71","page","type-page","status-publish","hentry"],"aioseo_notices":[],"_links":{"self":[{"href":"https:\/\/www.le-herisson-ramoneur.fr\/index.php\/wp-json\/wp\/v2\/pages\/71","targetHints":{"allow":["GET"]}}],"collection":[{"href":"https:\/\/www.le-herisson-ramoneur.fr\/index.php\/wp-json\/wp\/v2\/pages"}],"about":[{"href":"https:\/\/www.le-herisson-ramoneur.fr\/index.php\/wp-json\/wp\/v2\/types\/page"}],"author":[{"embeddable":true,"href":"https:\/\/www.le-herisson-ramoneur.fr\/index.php\/wp-json\/wp\/v2\/users\/2"}],"replies":[{"embeddable":true,"href":"https:\/\/www.le-herisson-ramoneur.fr\/index.php\/wp-json\/wp\/v2\/comments?post=71"}],"version-history":[{"count":48,"href":"https:\/\/www.le-herisson-ramoneur.fr\/index.php\/wp-json\/wp\/v2\/pages\/71\/revisions"}],"predecessor-version":[{"id":1263,"href":"https:\/\/www.le-herisson-ramoneur.fr\/index.php\/wp-json\/wp\/v2\/pages\/71\/revisions\/1263"}],"wp:attachment":[{"href":"https:\/\/www.le-herisson-ramoneur.fr\/index.php\/wp-json\/wp\/v2\/media?parent=71"}],"curies":[{"name":"wp","href":"https:\/\/api.w.org\/{rel}","templated":true}]}}