{"id":67,"date":"2016-04-25T11:10:58","date_gmt":"2016-04-25T10:10:58","guid":{"rendered":"http:\/\/le-herisson-ramoneur.fr\/?page_id=67"},"modified":"2025-10-17T06:04:46","modified_gmt":"2025-10-17T05:04:46","slug":"le-herisson-ramoneur-services-divers","status":"publish","type":"page","link":"https:\/\/www.le-herisson-ramoneur.fr\/index.php\/le-herisson-ramoneur-qualification\/le-herisson-ramoneur-services-divers\/","title":{"rendered":"Le h\u00e9risson ramoneur | divers"},"content":{"rendered":"<p style=\"text-align: center;\"><span style=\"font-size: 20px;\"><em><span style=\"font-family: Trebuchet MS,Geneva; color: #ce6700;\">Lors de notre passage pour votre ramonage nous pouvons vous proposer, si n\u00e9cessaire, un produit \u00e0 utiliser pour d\u00e9coller les morceaux de bistre, ceci afin d&rsquo;\u00e9viter leur accumulation lors de la p\u00e9riode de chauffe.<\/span><\/em><\/span><\/p>\n<p style=\"text-align: center;\"><span style=\"font-size: 20px;\"><em><span style=\"font-family: Trebuchet MS,Geneva; color: #ce6700;\">Nous vous conseillons \u00e9galement sur votre combustible, sur l&rsquo;utilisation de votre appareil.<\/span><\/em><\/span><\/p>\n<p style=\"text-align: center;\"><span style=\"font-size: 20px;\"><em><span style=\"font-family: Trebuchet MS,Geneva; color: #ce6700;\">Nous pouvons remplacer les joints de porte ou de vitre, remplacer les vitres bris\u00e9es.<\/span><\/em><\/span><\/p>\n<p><img loading=\"lazy\" decoding=\"async\" class=\"wp-image-343 aligncenter\" src=\"https:\/\/www.le-herisson-ramoneur.fr\/wp-content\/uploads\/2016\/04\/Herisson-logo-sans-compressionJPEG-300x211.jpg\" alt=\"Herisson logo sans compressionJPEG\" width=\"102\" height=\"72\" srcset=\"https:\/\/www.le-herisson-ramoneur.fr\/wp-content\/uploads\/2016\/04\/Herisson-logo-sans-compressionJPEG-300x211.jpg 300w, https:\/\/www.le-herisson-ramoneur.fr\/wp-content\/uploads\/2016\/04\/Herisson-logo-sans-compressionJPEG-768x541.jpg 768w, https:\/\/www.le-herisson-ramoneur.fr\/wp-content\/uploads\/2016\/04\/Herisson-logo-sans-compressionJPEG.jpg 794w\" sizes=\"auto, (max-width: 102px) 100vw, 102px\" \/><\/p>\n<p style=\"text-align: center;\"><span style=\"font-family: Trebuchet MS,Geneva; font-size: 20px;\"><em><span style=\"color: #004e00;\"><strong><span style=\"color: #046e04;\">Nous sommes sensibilis\u00e9s \u00e0 la biodiversit\u00e9, c&rsquo;est pourquoi nous faisons attention \u00e0 l&rsquo;impact que l&rsquo;entreprise peut avoir sur l&rsquo;environnement, nous planifions nos interventions en regroupant par secteur, nos d\u00e9chets sont d\u00e9pos\u00e9s \u00e0 la d\u00e9chetterie d&rsquo;Ussel du camp C\u00e9sar, nous imprimons les factures et devis sur du papier recycl\u00e9&#8230;<\/span><\/strong><\/span><\/em><\/span><\/p>\n<p style=\"text-align: center;\"><span style=\"font-family: Trebuchet MS,Geneva; font-size: 20px;\"><em><span style=\"color: #004e00;\"><strong><span style=\"color: #046e04;\"> Depuis la saison automnale 2025 nous avons un fourgon \u00e9lectrique dans lequel nous avons mis en place une centrale d&rsquo;aspiration que nous avons fait \u00e9lectrifier, pour baisser notre consommation de carburant, pour diminuer la pollution sonore lors des ramonages, pour diminuer nos \u00e9missions de CO<sup>2<\/sup>. Pour compenser notre consommation \u00e9lectrique nous avons en projet l&rsquo;installation de panneaux photovolta\u00efques &#8230;.<\/span><\/strong><\/span><\/em><\/span><\/p>\n<p><img loading=\"lazy\" decoding=\"async\" class=\" wp-image-355 aligncenter\" src=\"https:\/\/www.le-herisson-ramoneur.fr\/wp-content\/uploads\/2017\/06\/Herisson-logo-sans-compressionJPEG-300x211.jpg\" alt=\"Herisson logo sans compressionJPEG\" width=\"96\" height=\"67\" srcset=\"https:\/\/www.le-herisson-ramoneur.fr\/wp-content\/uploads\/2017\/06\/Herisson-logo-sans-compressionJPEG-300x211.jpg 300w, https:\/\/www.le-herisson-ramoneur.fr\/wp-content\/uploads\/2017\/06\/Herisson-logo-sans-compressionJPEG-768x541.jpg 768w, https:\/\/www.le-herisson-ramoneur.fr\/wp-content\/uploads\/2017\/06\/Herisson-logo-sans-compressionJPEG.jpg 794w\" sizes=\"auto, (max-width: 96px) 100vw, 96px\" \/><\/p>\n<p><em>Quelques liens utiles:<\/em><\/p>\n<p><a href=\"http:\/\/www.bois-chauffage-correze.fr\/\"><img loading=\"lazy\" decoding=\"async\" class=\"alignnone wp-image-313\" src=\"https:\/\/www.le-herisson-ramoneur.fr\/wp-content\/uploads\/2016\/04\/Logo-version-d\u00e9finitive-V2-300x94.jpg\" alt=\"Logo version d\u00e9finitive V2\" width=\"169\" height=\"53\" \/><\/a><\/p>\n<p><a href=\"http:\/\/www.bois-chauffage-correze.fr\/\">Ch\u00eane et h\u00eatre &#8211;<\/a><a href=\"http:\/\/www.bois-chauffage-correze.fr\/\"> Le Trouher<\/a><\/p>\n","protected":false},"excerpt":{"rendered":"<p>Lors de notre passage pour votre ramonage nous pouvons vous proposer, si n\u00e9cessaire, un produit \u00e0 utiliser pour d\u00e9coller les morceaux de bistre, ceci afin d&rsquo;\u00e9viter leur accumulation lors de <a class=\"more-link\" href=\"https:\/\/www.le-herisson-ramoneur.fr\/index.php\/le-herisson-ramoneur-qualification\/le-herisson-ramoneur-services-divers\/\">Continue Reading \u2192<\/a><\/p>\n","protected":false},"author":2,"featured_media":0,"parent":45,"menu_order":0,"comment_status":"closed","ping_status":"closed","template":"","meta":{"footnotes":""},"class_list":["post-67","page","type-page","status-publish","hentry"],"aioseo_notices":[],"_links":{"self":[{"href":"https:\/\/www.le-herisson-ramoneur.fr\/index.php\/wp-json\/wp\/v2\/pages\/67","targetHints":{"allow":["GET"]}}],"collection":[{"href":"https:\/\/www.le-herisson-ramoneur.fr\/index.php\/wp-json\/wp\/v2\/pages"}],"about":[{"href":"https:\/\/www.le-herisson-ramoneur.fr\/index.php\/wp-json\/wp\/v2\/types\/page"}],"author":[{"embeddable":true,"href":"https:\/\/www.le-herisson-ramoneur.fr\/index.php\/wp-json\/wp\/v2\/users\/2"}],"replies":[{"embeddable":true,"href":"https:\/\/www.le-herisson-ramoneur.fr\/index.php\/wp-json\/wp\/v2\/comments?post=67"}],"version-history":[{"count":19,"href":"https:\/\/www.le-herisson-ramoneur.fr\/index.php\/wp-json\/wp\/v2\/pages\/67\/revisions"}],"predecessor-version":[{"id":1290,"href":"https:\/\/www.le-herisson-ramoneur.fr\/index.php\/wp-json\/wp\/v2\/pages\/67\/revisions\/1290"}],"up":[{"embeddable":true,"href":"https:\/\/www.le-herisson-ramoneur.fr\/index.php\/wp-json\/wp\/v2\/pages\/45"}],"wp:attachment":[{"href":"https:\/\/www.le-herisson-ramoneur.fr\/index.php\/wp-json\/wp\/v2\/media?parent=67"}],"curies":[{"name":"wp","href":"https:\/\/api.w.org\/{rel}","templated":true}]}}