{"id":63,"date":"2016-04-25T11:09:48","date_gmt":"2016-04-25T10:09:48","guid":{"rendered":"http:\/\/le-herisson-ramoneur.fr\/?page_id=63"},"modified":"2022-03-10T22:13:56","modified_gmt":"2022-03-10T21:13:56","slug":"le-herisson-ramoneur-pose-de-poele","status":"publish","type":"page","link":"https:\/\/www.le-herisson-ramoneur.fr\/index.php\/nos-services\/le-herisson-ramoneur-pose-de-poele\/","title":{"rendered":"Le h\u00e9risson ramoneur | Installation de po\u00eales \u00e0 granul\u00e9s et bois"},"content":{"rendered":"<h2 class=\"Standard\" style=\"text-align: center;\"><span style=\"color: #ce6700;\"><span style=\"font-family: handel-gothic; font-size: 28px;\">Nous vous proposons l&rsquo;installation de po\u00eales \u00e0 granul\u00e9s, mixtes et bois.<\/span><span id=\"transmark\"><\/span><\/span><\/h2>\n<p>&nbsp;<\/p>\n<p class=\"Standard\" style=\"text-align: center;\">Nous connaissons les po\u00eales que nous vous proposons, s\u00e9lectionn\u00e9s par nos soins sur des crit\u00e8res de fiabilit\u00e9, performance et qualit\u00e9 afin de vous satisfaire au mieux avec des appareils install\u00e9s pour longtemps.<\/p>\n<p class=\"Standard\" style=\"text-align: center;\">Nous effectuons une premi\u00e8re visite pour \u00e9tablir le devis en tenant compte du volume \u00e0 chauffer.<\/p>\n<p class=\"Standard\" style=\"text-align: center;\">Nous utilisons un logiciel de dimensionnement du conduit qui vous garantie une installation aux normes.<\/p>\n<p class=\"Standard\" style=\"text-align: center;\"><strong>Notre prix final comprend toutes les d\u00e9marches en amont de l&rsquo;installation (visite &#8211; devis -dimensionnement &#8211; etc..)\u00a0 mais \u00e9galement un suivi de votre po\u00eale post-pose, ce qui justifie la marge prise sur le tarif du po\u00eale.<\/strong><\/p>\n<p class=\"Standard\" style=\"text-align: center;\"><a href=\"http:\/\/www.rika.fr\/?ref=generic-fr-logo\"><img loading=\"lazy\" decoding=\"async\" class=\"alignnone wp-image-755\" src=\"https:\/\/www.le-herisson-ramoneur.fr\/wp-content\/uploads\/2020\/11\/RIKA_Logo_gris_orange_vertical-1-200x300.jpg\" alt=\"RIKA_Logo_gris_orange_vertical\" width=\"112\" height=\"168\" srcset=\"https:\/\/www.le-herisson-ramoneur.fr\/wp-content\/uploads\/2020\/11\/RIKA_Logo_gris_orange_vertical-1-200x300.jpg 200w, https:\/\/www.le-herisson-ramoneur.fr\/wp-content\/uploads\/2020\/11\/RIKA_Logo_gris_orange_vertical-1.jpg 660w\" sizes=\"auto, (max-width: 112px) 100vw, 112px\" \/><\/a><\/p>\n<p class=\"Standard\" style=\"text-align: center;\"><strong><span style=\"font-family: Comic Sans MS, sans-serif; font-size: 24px; color: #6d6d6d;\">A savoir, les po\u00eales <span style=\"color: #f27900;\">RIKA<\/span> sont les plus silencieux du march\u00e9&#8230;&#8230;&#8230;&#8230;&#8230;&#8230;&#8230;..<\/span><\/strong><\/p>\n<p class=\"Standard\" style=\"text-align: center;\"><span style=\"font-family: Arial Black, Avant Garde;\">X\u00a0 X\u00a0 X<\/span><\/p>\n<p class=\"Standard\" style=\"text-align: center;\"><a href=\"https:\/\/www.le-herisson-ramoneur.fr\/wp-content\/uploads\/2022\/03\/Charnwood-lands-1.jpg\"><img loading=\"lazy\" decoding=\"async\" class=\"alignnone size-medium wp-image-937\" src=\"https:\/\/www.le-herisson-ramoneur.fr\/wp-content\/uploads\/2022\/03\/Charnwood-lands-1-300x85.jpg\" alt=\"Charnwood lands-1\" width=\"300\" height=\"85\" srcset=\"https:\/\/www.le-herisson-ramoneur.fr\/wp-content\/uploads\/2022\/03\/Charnwood-lands-1-300x85.jpg 300w, https:\/\/www.le-herisson-ramoneur.fr\/wp-content\/uploads\/2022\/03\/Charnwood-lands-1-768x217.jpg 768w, https:\/\/www.le-herisson-ramoneur.fr\/wp-content\/uploads\/2022\/03\/Charnwood-lands-1-1024x289.jpg 1024w\" sizes=\"auto, (max-width: 300px) 100vw, 300px\" \/><\/a><\/p>\n<p class=\"Standard\" style=\"text-align: center;\"><span style=\"font-size: 24px;\">Nous installons d<\/span><span style=\"font-size: 24px;\">es po\u00eales \u00e0 Bois de <\/span><span style=\"font-size: 24px;\">la marque Charnwood, <\/span><span style=\"font-size: 24px;\">entreprise familiale britannique<br \/>\n<\/span><\/p>\n<p class=\"Standard\" style=\"text-align: center;\"><span style=\"font-size: 24px;\">100% made in \u00eele de Wight.<br \/>\n<\/span><\/p>\n<p>&nbsp;<\/p>\n","protected":false},"excerpt":{"rendered":"<p>Nous vous proposons l&rsquo;installation de po\u00eales \u00e0 granul\u00e9s, mixtes et bois. &nbsp; Nous connaissons les po\u00eales que nous vous proposons, s\u00e9lectionn\u00e9s par nos soins sur des crit\u00e8res de fiabilit\u00e9, performance <a class=\"more-link\" href=\"https:\/\/www.le-herisson-ramoneur.fr\/index.php\/nos-services\/le-herisson-ramoneur-pose-de-poele\/\">Continue Reading \u2192<\/a><\/p>\n","protected":false},"author":2,"featured_media":0,"parent":12,"menu_order":0,"comment_status":"closed","ping_status":"closed","template":"","meta":{"footnotes":""},"class_list":["post-63","page","type-page","status-publish","hentry"],"aioseo_notices":[],"_links":{"self":[{"href":"https:\/\/www.le-herisson-ramoneur.fr\/index.php\/wp-json\/wp\/v2\/pages\/63","targetHints":{"allow":["GET"]}}],"collection":[{"href":"https:\/\/www.le-herisson-ramoneur.fr\/index.php\/wp-json\/wp\/v2\/pages"}],"about":[{"href":"https:\/\/www.le-herisson-ramoneur.fr\/index.php\/wp-json\/wp\/v2\/types\/page"}],"author":[{"embeddable":true,"href":"https:\/\/www.le-herisson-ramoneur.fr\/index.php\/wp-json\/wp\/v2\/users\/2"}],"replies":[{"embeddable":true,"href":"https:\/\/www.le-herisson-ramoneur.fr\/index.php\/wp-json\/wp\/v2\/comments?post=63"}],"version-history":[{"count":18,"href":"https:\/\/www.le-herisson-ramoneur.fr\/index.php\/wp-json\/wp\/v2\/pages\/63\/revisions"}],"predecessor-version":[{"id":939,"href":"https:\/\/www.le-herisson-ramoneur.fr\/index.php\/wp-json\/wp\/v2\/pages\/63\/revisions\/939"}],"up":[{"embeddable":true,"href":"https:\/\/www.le-herisson-ramoneur.fr\/index.php\/wp-json\/wp\/v2\/pages\/12"}],"wp:attachment":[{"href":"https:\/\/www.le-herisson-ramoneur.fr\/index.php\/wp-json\/wp\/v2\/media?parent=63"}],"curies":[{"name":"wp","href":"https:\/\/api.w.org\/{rel}","templated":true}]}}