{"id":59,"date":"2016-04-25T11:06:20","date_gmt":"2016-04-25T10:06:20","guid":{"rendered":"http:\/\/le-herisson-ramoneur.fr\/?page_id=59"},"modified":"2017-10-03T19:02:01","modified_gmt":"2017-10-03T18:02:01","slug":"le-herisson-ramoneur-fumisterie-tubage","status":"publish","type":"page","link":"https:\/\/www.le-herisson-ramoneur.fr\/index.php\/le-herisson-ramoneur-fumisterie-tubage\/","title":{"rendered":"Le h\u00e9risson ramoneur | Fumisterie tubage"},"content":{"rendered":"<h3 class=\"Standard\"><img loading=\"lazy\" decoding=\"async\" class=\"size-medium wp-image-60 alignleft\" src=\"https:\/\/www.le-herisson-ramoneur.fr\/wp-content\/uploads\/2016\/04\/fumisterie-300x300.jpg\" alt=\"fumisterie\" width=\"300\" height=\"300\" srcset=\"https:\/\/www.le-herisson-ramoneur.fr\/wp-content\/uploads\/2016\/04\/fumisterie-300x300.jpg 300w, https:\/\/www.le-herisson-ramoneur.fr\/wp-content\/uploads\/2016\/04\/fumisterie-150x150.jpg 150w, https:\/\/www.le-herisson-ramoneur.fr\/wp-content\/uploads\/2016\/04\/fumisterie-768x768.jpg 768w, https:\/\/www.le-herisson-ramoneur.fr\/wp-content\/uploads\/2016\/04\/fumisterie-50x50.jpg 50w, https:\/\/www.le-herisson-ramoneur.fr\/wp-content\/uploads\/2016\/04\/fumisterie.jpg 960w\" sizes=\"auto, (max-width: 300px) 100vw, 300px\" \/><span style=\"font-family: Verdana,Geneva;\">Avant de proc\u00e9der au tubage, le conduit doit \u00eatre ramon\u00e9 ou d\u00e9bistr\u00e9 suivant son \u00e9tat d&rsquo;encrassement.<\/span><span id=\"transmark\"><\/span><\/h3>\n<p>Nous nous d\u00e9placerons pour r\u00e9aliser un devis, nous vous indiquerons les possibilit\u00e9s existantes par rapport \u00e0 la configuration de votre conduit et \u00e0 l&rsquo;appareil souhait\u00e9.<\/p>\n<p>&nbsp;<\/p>\n<p>&nbsp;<\/p>\n<p>&nbsp;<\/p>\n<p>&nbsp;<\/p>\n<p><span style=\"color: #db6700; font-size: 20px; font-family: Trebuchet MS,Geneva;\"><span style=\"color: #000000;\">Le tubage doit se finir comme le montrent les photos<\/span><\/span><\/p>\n<p><span style=\"color: #db6700; font-size: 20px;\"><img loading=\"lazy\" decoding=\"async\" class=\"size-medium wp-image-385 alignleft\" src=\"https:\/\/www.le-herisson-ramoneur.fr\/wp-content\/uploads\/2016\/04\/Tubage-correct-chapeau-300x225.jpg\" alt=\"Tubage correct chapeau\" width=\"300\" height=\"225\" srcset=\"https:\/\/www.le-herisson-ramoneur.fr\/wp-content\/uploads\/2016\/04\/Tubage-correct-chapeau-300x225.jpg 300w, https:\/\/www.le-herisson-ramoneur.fr\/wp-content\/uploads\/2016\/04\/Tubage-correct-chapeau-768x576.jpg 768w, https:\/\/www.le-herisson-ramoneur.fr\/wp-content\/uploads\/2016\/04\/Tubage-correct-chapeau-1024x768.jpg 1024w\" sizes=\"auto, (max-width: 300px) 100vw, 300px\" \/><em><img loading=\"lazy\" decoding=\"async\" class=\"alignnone size-medium wp-image-386\" src=\"https:\/\/www.le-herisson-ramoneur.fr\/wp-content\/uploads\/2016\/04\/D\u00e9bouch\u00e9-tubage-correct-300x225.jpg\" alt=\"D\u00e9bouch\u00e9 tubage correct\" width=\"300\" height=\"225\" srcset=\"https:\/\/www.le-herisson-ramoneur.fr\/wp-content\/uploads\/2016\/04\/D\u00e9bouch\u00e9-tubage-correct-300x225.jpg 300w, https:\/\/www.le-herisson-ramoneur.fr\/wp-content\/uploads\/2016\/04\/D\u00e9bouch\u00e9-tubage-correct-768x576.jpg 768w, https:\/\/www.le-herisson-ramoneur.fr\/wp-content\/uploads\/2016\/04\/D\u00e9bouch\u00e9-tubage-correct-1024x768.jpg 1024w\" sizes=\"auto, (max-width: 300px) 100vw, 300px\" \/><\/em><\/span><\/p>\n","protected":false},"excerpt":{"rendered":"<p>Avant de proc\u00e9der au tubage, le conduit doit \u00eatre ramon\u00e9 ou d\u00e9bistr\u00e9 suivant son \u00e9tat d&rsquo;encrassement. Nous nous d\u00e9placerons pour r\u00e9aliser un devis, nous vous indiquerons les possibilit\u00e9s existantes par <a class=\"more-link\" href=\"https:\/\/www.le-herisson-ramoneur.fr\/index.php\/le-herisson-ramoneur-fumisterie-tubage\/\">Continue Reading \u2192<\/a><\/p>\n","protected":false},"author":2,"featured_media":0,"parent":0,"menu_order":0,"comment_status":"closed","ping_status":"closed","template":"","meta":{"footnotes":""},"class_list":["post-59","page","type-page","status-publish","hentry"],"aioseo_notices":[],"_links":{"self":[{"href":"https:\/\/www.le-herisson-ramoneur.fr\/index.php\/wp-json\/wp\/v2\/pages\/59","targetHints":{"allow":["GET"]}}],"collection":[{"href":"https:\/\/www.le-herisson-ramoneur.fr\/index.php\/wp-json\/wp\/v2\/pages"}],"about":[{"href":"https:\/\/www.le-herisson-ramoneur.fr\/index.php\/wp-json\/wp\/v2\/types\/page"}],"author":[{"embeddable":true,"href":"https:\/\/www.le-herisson-ramoneur.fr\/index.php\/wp-json\/wp\/v2\/users\/2"}],"replies":[{"embeddable":true,"href":"https:\/\/www.le-herisson-ramoneur.fr\/index.php\/wp-json\/wp\/v2\/comments?post=59"}],"version-history":[{"count":10,"href":"https:\/\/www.le-herisson-ramoneur.fr\/index.php\/wp-json\/wp\/v2\/pages\/59\/revisions"}],"predecessor-version":[{"id":277,"href":"https:\/\/www.le-herisson-ramoneur.fr\/index.php\/wp-json\/wp\/v2\/pages\/59\/revisions\/277"}],"wp:attachment":[{"href":"https:\/\/www.le-herisson-ramoneur.fr\/index.php\/wp-json\/wp\/v2\/media?parent=59"}],"curies":[{"name":"wp","href":"https:\/\/api.w.org\/{rel}","templated":true}]}}