{"id":49,"date":"2016-04-25T10:50:02","date_gmt":"2016-04-25T09:50:02","guid":{"rendered":"http:\/\/le-herisson-ramoneur.fr\/?page_id=49"},"modified":"2023-01-10T06:28:56","modified_gmt":"2023-01-10T05:28:56","slug":"20200212notre-plus-2","status":"publish","type":"page","link":"https:\/\/www.le-herisson-ramoneur.fr\/index.php\/20200212notre-plus-2\/","title":{"rendered":"Le h\u00e9risson ramoneur | Notre Plus"},"content":{"rendered":"<p class=\"Standard\">Nous nous engageons \u00e0\u00a0 r\u00e9aliser des prestations de qualit\u00e9 en pr\u00e9servant votre int\u00e9rieur, protection des sols, dispersion des poussi\u00e8res limit\u00e9e au maximum par utilisation de centrale de ramonage<\/p>\n<p class=\"Standard\">La centrale fonctionne avec un suppresseur et un moteur thermique, on obtient des puissances d\u2019aspiration qui n\u2019ont pas d\u2019\u00e9quivalence sur les syst\u00e8mes d\u2019aspiration traditionnelle. En effet, la totalit\u00e9 des suies est directement aspir\u00e9e dans notre camion.<\/p>\n<div id=\"attachment_617\" style=\"width: 235px\" class=\"wp-caption alignnone\"><a href=\"https:\/\/www.le-herisson-ramoneur.fr\/wp-content\/uploads\/2016\/04\/centrale.jpg\"><img loading=\"lazy\" decoding=\"async\" aria-describedby=\"caption-attachment-617\" class=\"wp-image-617 size-medium\" src=\"https:\/\/www.le-herisson-ramoneur.fr\/wp-content\/uploads\/2016\/04\/centrale-225x300.jpg\" alt=\"centrale\" width=\"225\" height=\"300\" srcset=\"https:\/\/www.le-herisson-ramoneur.fr\/wp-content\/uploads\/2016\/04\/centrale-225x300.jpg 225w, https:\/\/www.le-herisson-ramoneur.fr\/wp-content\/uploads\/2016\/04\/centrale-768x1024.jpg 768w\" sizes=\"auto, (max-width: 225px) 100vw, 225px\" \/><\/a><p id=\"caption-attachment-617\" class=\"wp-caption-text\">Centrale de ramonage de 8 kw<\/p><\/div>\n","protected":false},"excerpt":{"rendered":"<p>Nous nous engageons \u00e0\u00a0 r\u00e9aliser des prestations de qualit\u00e9 en pr\u00e9servant votre int\u00e9rieur, protection des sols, dispersion des poussi\u00e8res limit\u00e9e au maximum par utilisation de centrale de ramonage La centrale <a class=\"more-link\" href=\"https:\/\/www.le-herisson-ramoneur.fr\/index.php\/20200212notre-plus-2\/\">Continue Reading \u2192<\/a><\/p>\n","protected":false},"author":2,"featured_media":0,"parent":0,"menu_order":0,"comment_status":"closed","ping_status":"closed","template":"","meta":{"footnotes":""},"class_list":["post-49","page","type-page","status-publish","hentry"],"aioseo_notices":[],"_links":{"self":[{"href":"https:\/\/www.le-herisson-ramoneur.fr\/index.php\/wp-json\/wp\/v2\/pages\/49","targetHints":{"allow":["GET"]}}],"collection":[{"href":"https:\/\/www.le-herisson-ramoneur.fr\/index.php\/wp-json\/wp\/v2\/pages"}],"about":[{"href":"https:\/\/www.le-herisson-ramoneur.fr\/index.php\/wp-json\/wp\/v2\/types\/page"}],"author":[{"embeddable":true,"href":"https:\/\/www.le-herisson-ramoneur.fr\/index.php\/wp-json\/wp\/v2\/users\/2"}],"replies":[{"embeddable":true,"href":"https:\/\/www.le-herisson-ramoneur.fr\/index.php\/wp-json\/wp\/v2\/comments?post=49"}],"version-history":[{"count":8,"href":"https:\/\/www.le-herisson-ramoneur.fr\/index.php\/wp-json\/wp\/v2\/pages\/49\/revisions"}],"predecessor-version":[{"id":1114,"href":"https:\/\/www.le-herisson-ramoneur.fr\/index.php\/wp-json\/wp\/v2\/pages\/49\/revisions\/1114"}],"wp:attachment":[{"href":"https:\/\/www.le-herisson-ramoneur.fr\/index.php\/wp-json\/wp\/v2\/media?parent=49"}],"curies":[{"name":"wp","href":"https:\/\/api.w.org\/{rel}","templated":true}]}}