{"id":45,"date":"2016-04-25T10:16:23","date_gmt":"2016-04-25T09:16:23","guid":{"rendered":"http:\/\/le-herisson-ramoneur.fr\/?page_id=45"},"modified":"2017-11-09T15:58:19","modified_gmt":"2017-11-09T14:58:19","slug":"le-herisson-ramoneur-qualification","status":"publish","type":"page","link":"https:\/\/www.le-herisson-ramoneur.fr\/index.php\/le-herisson-ramoneur-qualification\/","title":{"rendered":"Le h\u00e9risson ramoneur | Qualification"},"content":{"rendered":"<p class=\"Standard\">Formations suivies aupr\u00e8s d&rsquo;organismes reconnus (<a href=\"http:\/\/www.costic.com\/\" target=\"_blank\">COSTIC<\/a>, <a href=\"http:\/\/www.agecic.fr\/\" target=\"_blank\">AGECIC<\/a>) et aupr\u00e8s de divers fabricants de po\u00eales et conduits de fum\u00e9e.<\/p>\n<p class=\"Standard\">\n<p class=\"Standard\">\n","protected":false},"excerpt":{"rendered":"<p>Formations suivies aupr\u00e8s d&rsquo;organismes reconnus (COSTIC, AGECIC) et aupr\u00e8s de divers fabricants de po\u00eales et conduits de fum\u00e9e.<\/p>\n","protected":false},"author":2,"featured_media":0,"parent":0,"menu_order":0,"comment_status":"closed","ping_status":"closed","template":"","meta":{"footnotes":""},"class_list":["post-45","page","type-page","status-publish","hentry"],"aioseo_notices":[],"_links":{"self":[{"href":"https:\/\/www.le-herisson-ramoneur.fr\/index.php\/wp-json\/wp\/v2\/pages\/45","targetHints":{"allow":["GET"]}}],"collection":[{"href":"https:\/\/www.le-herisson-ramoneur.fr\/index.php\/wp-json\/wp\/v2\/pages"}],"about":[{"href":"https:\/\/www.le-herisson-ramoneur.fr\/index.php\/wp-json\/wp\/v2\/types\/page"}],"author":[{"embeddable":true,"href":"https:\/\/www.le-herisson-ramoneur.fr\/index.php\/wp-json\/wp\/v2\/users\/2"}],"replies":[{"embeddable":true,"href":"https:\/\/www.le-herisson-ramoneur.fr\/index.php\/wp-json\/wp\/v2\/comments?post=45"}],"version-history":[{"count":4,"href":"https:\/\/www.le-herisson-ramoneur.fr\/index.php\/wp-json\/wp\/v2\/pages\/45\/revisions"}],"predecessor-version":[{"id":399,"href":"https:\/\/www.le-herisson-ramoneur.fr\/index.php\/wp-json\/wp\/v2\/pages\/45\/revisions\/399"}],"wp:attachment":[{"href":"https:\/\/www.le-herisson-ramoneur.fr\/index.php\/wp-json\/wp\/v2\/media?parent=45"}],"curies":[{"name":"wp","href":"https:\/\/api.w.org\/{rel}","templated":true}]}}