{"id":2,"date":"2016-01-11T10:57:51","date_gmt":"2016-01-11T09:57:51","guid":{"rendered":"http:\/\/le-herisson-ramoneur.fr\/?page_id=2"},"modified":"2025-10-13T14:39:18","modified_gmt":"2025-10-13T13:39:18","slug":"page-d-exemple","status":"publish","type":"page","link":"https:\/\/www.le-herisson-ramoneur.fr\/","title":{"rendered":"Pr\u00e9sentation"},"content":{"rendered":"<p align=\"left\">\n<img loading=\"lazy\" decoding=\"async\" class=\"wp-image-8 alignright\" src=\"https:\/\/www.le-herisson-ramoneur.fr\/wp-content\/uploads\/2016\/01\/le-herisson-ramoneur-logo-300x211.jpg\" alt=\"le-herisson-ramoneur-logo\" width=\"96\" height=\"67\" \/><\/p>\n<p style=\"text-align: center;\" align=\"left\"><span style=\"color: #000000; font-family: Trebuchet MS, Geneva; font-size: 16px;\"><strong><span style=\"font-size: 20px;\">Notre entreprise <span style=\"color: #009500;\">\u00ab<\/span> <span style=\"color: #ce6700; font-family: handel-gothic;\">Le H\u00e9risson Ramoneur<\/span> <span style=\"color: #009500;\">\u00bb<\/span> cr\u00e9\u00e9e en 2013.<\/span><\/strong><\/span><\/p>\n<p style=\"text-align: left;\" align=\"left\"><span style=\"color: #000000; font-family: Trebuchet MS, Geneva; font-size: 16px;\"><strong><span style=\"font-family: handel-gothic; color: #00954a;\">Laurent Guillotte<\/span>, son dirigeant, est titulaire du titre de Ramoneur-Fumiste.<\/strong><\/span><\/p>\n<p align=\"left\"><span style=\"font-size: 16px;\"><span style=\"color: #000000; font-family: Trebuchet MS, Geneva;\"><strong>\u00a0<\/strong><\/span><span style=\"color: #000000; font-family: Trebuchet MS, Geneva;\"><strong>Nous r\u00e9alisons les ramonages &amp; entretiens, si besoin les d\u00e9bistrages de vos conduits de fum\u00e9e de po\u00eales, inserts, cuisini\u00e8res, chaudi\u00e8res \u00e0 bois et l&rsquo;entretien de certaines marques de po\u00eales \u00e0 granul\u00e9s. <\/strong><\/span><span style=\"color: #000000; font-family: Trebuchet MS, Geneva;\"><strong>Lors de nos interventions,\u00a0 nous vous prodiguons des conseils sur l&rsquo;utilisation de votre appareil et la qualit\u00e9 du combustible utilis\u00e9 (taux d&rsquo;humidit\u00e9 du bois).<\/strong><\/span><\/span><\/p>\n<p align=\"left\"><span style=\"color: #000000; font-family: Trebuchet MS, Geneva; font-size: 16px;\"><strong>Toutes nos interventions sont r\u00e9alis\u00e9es en prenant soin de votre lieu d&rsquo;habitation (protection des lieux). Nous intervenons en Haute Corr\u00e8ze, Ussel, Meymac, Neuvic, La Courtine, Peyrelevade et leurs alentours!<br \/>\n<\/strong><\/span><\/p>\n<h1 style=\"text-align: center;\"><span style=\"color: #000000; font-family: Trebuchet MS, Geneva; font-size: 16px;\"><strong><em><span style=\"text-decoration: underline;\"><span style=\"color: #ce6700; text-decoration: underline;\">Notre plus:<\/span><\/span><\/em> Nous sommes \u00e9quip\u00e9s de deux centrales de ramonage garantissant une aspiration renforc\u00e9e, depuis la saison 2025 l&rsquo;une de nos centrales de ramonage a \u00e9t\u00e9 \u00e9lectrifi\u00e9e et est embarqu\u00e9e dans un fourgon \u00e9lectrique.<a href=\"https:\/\/www.le-herisson-ramoneur.fr\/wp-content\/uploads\/2025\/10\/IMG_20250918_155147-scaled.jpg\"><img loading=\"lazy\" decoding=\"async\" class=\" wp-image-1280 aligncenter\" src=\"https:\/\/www.le-herisson-ramoneur.fr\/wp-content\/uploads\/2025\/10\/IMG_20250918_155147-300x225.jpg\" alt=\"\" width=\"303\" height=\"227\" \/><\/a><\/strong><\/span><\/h1>\n<p style=\"text-align: center;\"><span style=\"font-size: 20px; font-family: Trebuchet MS, Geneva;\"><strong><span style=\"color: #ce6700;\"><span style=\"color: #000000;\">Vous pouvez d\u00e9couvrir les po\u00eales \u00e0 granul\u00e9s RIKA et po\u00eales \u00e0 bois Charnwood dans notre Show Room, <\/span>9 Avenue de Clermont \u00e0 Ussel, le mardi de 09h30 \u00e0 12h00, le mercredi de 15h00 \u00e0 18h30, le vendredi de 09h30 \u00e0 12h00.<\/span><\/strong><\/span><span style=\"font-size: 20px;\"><strong><span style=\"font-family: Trebuchet MS, Geneva;\"><br \/>\n<\/span><\/strong><\/span><\/p>\n<p style=\"text-align: center;\" align=\"left\"><span style=\"font-size: 20px;\"><span style=\"color: #000000; font-family: Trebuchet MS, Geneva;\"><strong>Nous installons des po\u00eales \u00e0 B<\/strong><\/span><span style=\"color: #000000; font-family: Trebuchet MS, Geneva;\"><strong>ois, Mixtes et G<\/strong><\/span><span style=\"color: #000000; font-family: Trebuchet MS, Geneva;\"><strong>ranul\u00e9s de la marque RIKA, en vous assurant la r\u00e9alisation d&rsquo;un travail en conformit\u00e9 avec la r\u00e9glementation.<\/strong><\/span><\/span><\/p>\n<p style=\"text-align: center;\" align=\"left\"><a href=\"https:\/\/www.le-herisson-ramoneur.fr\/wp-content\/uploads\/2021\/10\/RIKA_Logo_gris_clair_orange.jpg\"><img loading=\"lazy\" decoding=\"async\" class=\"wp-image-873 aligncenter\" src=\"https:\/\/www.le-herisson-ramoneur.fr\/wp-content\/uploads\/2021\/10\/RIKA_Logo_gris_clair_orange-300x100.jpg\" alt=\"RIKA_Logo_gris_clair_orange\" width=\"219\" height=\"73\" srcset=\"https:\/\/www.le-herisson-ramoneur.fr\/wp-content\/uploads\/2021\/10\/RIKA_Logo_gris_clair_orange-300x100.jpg 300w, https:\/\/www.le-herisson-ramoneur.fr\/wp-content\/uploads\/2021\/10\/RIKA_Logo_gris_clair_orange-768x256.jpg 768w, https:\/\/www.le-herisson-ramoneur.fr\/wp-content\/uploads\/2021\/10\/RIKA_Logo_gris_clair_orange-1024x342.jpg 1024w, https:\/\/www.le-herisson-ramoneur.fr\/wp-content\/uploads\/2021\/10\/RIKA_Logo_gris_clair_orange.jpg 1247w\" sizes=\"auto, (max-width: 219px) 100vw, 219px\" \/><\/a><\/p>\n<p style=\"text-align: center;\" align=\"left\"><span style=\"font-size: 20px;\"><strong><span style=\"font-family: Trebuchet MS, Geneva;\">Nous sommes \u00e9galement installateurs des po\u00eales \u00e0 bois <span style=\"color: #0000ce; font-family: Times New Roman, Times; font-size: 32px;\"><span style=\"color: #ce0000;\">charnwood<\/span><\/span>, fabriqu\u00e9s sur l&rsquo;\u00eele de Wight, 100% fabrication britannique dans une entreprise familiale. Ces po\u00eales se d\u00e9clinent dans diff\u00e9rentes puissances, de 3 kw \u00e0 12 kw. Pr\u00e9sents au magasin: le Bembrige, le Aire 3, le po\u00eale de cuisson Haven et l&rsquo;Island II.<br \/>\n<\/span><\/strong><\/span><\/p>\n<p align=\"left\"><a href=\"https:\/\/www.le-herisson-ramoneur.fr\/wp-content\/uploads\/2022\/03\/Charnwood-lands-1.jpg\"><img loading=\"lazy\" decoding=\"async\" class=\"size-medium wp-image-937 aligncenter\" src=\"https:\/\/www.le-herisson-ramoneur.fr\/wp-content\/uploads\/2022\/03\/Charnwood-lands-1-300x85.jpg\" alt=\"Charnwood lands-1\" width=\"300\" height=\"85\" srcset=\"https:\/\/www.le-herisson-ramoneur.fr\/wp-content\/uploads\/2022\/03\/Charnwood-lands-1-300x85.jpg 300w, https:\/\/www.le-herisson-ramoneur.fr\/wp-content\/uploads\/2022\/03\/Charnwood-lands-1-768x217.jpg 768w, https:\/\/www.le-herisson-ramoneur.fr\/wp-content\/uploads\/2022\/03\/Charnwood-lands-1-1024x289.jpg 1024w\" sizes=\"auto, (max-width: 300px) 100vw, 300px\" \/><\/a><\/p>\n<p style=\"text-align: center;\" align=\"left\"><span style=\"color: #000000; font-family: Trebuchet MS, Geneva; font-size: 14px;\"><strong>\u00a0<\/strong><\/span><\/p>\n<p style=\"text-align: center;\" align=\"left\"><span style=\"color: #000000; font-family: Trebuchet MS, Geneva; font-size: 16px;\"><strong>Nous ramonons &amp; entretenons vos installations tout au long de l&rsquo;ann\u00e9e, un ramonage peut \u00eatre pratiqu\u00e9 aussi bien avant, apr\u00e8s ou pendant la saison de chauffe!<br \/>\n<\/strong><\/span><\/p>\n<p style=\"text-align: center;\" align=\"left\"><span style=\"font-size: 16px; color: #008e00; font-family: Trebuchet MS, Geneva;\"><em><strong>*Nota<\/strong> :<strong> A compter de 2018 nous ne pourrons plus entretenir les nouvelles demandes pour ramoner les cantous utilis\u00e9s en foyer ouvert. <\/strong><\/em><\/span><span style=\"font-size: 20px; color: #008e00; font-family: Trebuchet MS,Geneva;\"><em><strong><span style=\"font-size: 16px;\">Nous interviendrons uniquement si la demande porte sur un d\u00e9bistrage avant un tubage.<\/span><br \/>\n<\/strong><\/em><\/span><\/p>\n","protected":false},"excerpt":{"rendered":"<p>Notre entreprise \u00ab Le H\u00e9risson Ramoneur \u00bb cr\u00e9\u00e9e en 2013. Laurent Guillotte, son dirigeant, est titulaire du titre de Ramoneur-Fumiste. \u00a0Nous r\u00e9alisons les ramonages &amp; entretiens, si besoin les d\u00e9bistrages <a class=\"more-link\" href=\"https:\/\/www.le-herisson-ramoneur.fr\/\">Continue Reading \u2192<\/a><\/p>\n","protected":false},"author":2,"featured_media":727,"parent":0,"menu_order":0,"comment_status":"closed","ping_status":"open","template":"","meta":{"footnotes":""},"class_list":["post-2","page","type-page","status-publish","has-post-thumbnail","hentry"],"aioseo_notices":[],"_links":{"self":[{"href":"https:\/\/www.le-herisson-ramoneur.fr\/index.php\/wp-json\/wp\/v2\/pages\/2","targetHints":{"allow":["GET"]}}],"collection":[{"href":"https:\/\/www.le-herisson-ramoneur.fr\/index.php\/wp-json\/wp\/v2\/pages"}],"about":[{"href":"https:\/\/www.le-herisson-ramoneur.fr\/index.php\/wp-json\/wp\/v2\/types\/page"}],"author":[{"embeddable":true,"href":"https:\/\/www.le-herisson-ramoneur.fr\/index.php\/wp-json\/wp\/v2\/users\/2"}],"replies":[{"embeddable":true,"href":"https:\/\/www.le-herisson-ramoneur.fr\/index.php\/wp-json\/wp\/v2\/comments?post=2"}],"version-history":[{"count":66,"href":"https:\/\/www.le-herisson-ramoneur.fr\/index.php\/wp-json\/wp\/v2\/pages\/2\/revisions"}],"predecessor-version":[{"id":1282,"href":"https:\/\/www.le-herisson-ramoneur.fr\/index.php\/wp-json\/wp\/v2\/pages\/2\/revisions\/1282"}],"wp:featuredmedia":[{"embeddable":true,"href":"https:\/\/www.le-herisson-ramoneur.fr\/index.php\/wp-json\/wp\/v2\/media\/727"}],"wp:attachment":[{"href":"https:\/\/www.le-herisson-ramoneur.fr\/index.php\/wp-json\/wp\/v2\/media?parent=2"}],"curies":[{"name":"wp","href":"https:\/\/api.w.org\/{rel}","templated":true}]}}