{"id":16,"date":"2016-01-11T14:43:25","date_gmt":"2016-01-11T13:43:25","guid":{"rendered":"http:\/\/le-herisson-ramoneur.fr\/?page_id=16"},"modified":"2021-01-23T15:58:40","modified_gmt":"2021-01-23T14:58:40","slug":"debistrage","status":"publish","type":"page","link":"https:\/\/www.le-herisson-ramoneur.fr\/index.php\/nos-services\/debistrage\/","title":{"rendered":"Le h\u00e9risson ramoneur | D\u00e9bistrage"},"content":{"rendered":"<h2 style=\"text-align: center;\"><span style=\"text-decoration: underline; font-family: handel-gothic; color: #ce6700;\">Le Bistre c&rsquo;est quoi ?<\/span><\/h2>\n<p style=\"text-align: center;\"><a href=\"https:\/\/www.le-herisson-ramoneur.fr\/wp-content\/uploads\/2016\/01\/bistre.jpg\"><img loading=\"lazy\" decoding=\"async\" class=\"size-medium wp-image-655 aligncenter\" src=\"https:\/\/www.le-herisson-ramoneur.fr\/wp-content\/uploads\/2016\/01\/bistre-300x290.jpg\" alt=\"bistre\" width=\"300\" height=\"290\" srcset=\"https:\/\/www.le-herisson-ramoneur.fr\/wp-content\/uploads\/2016\/01\/bistre-300x290.jpg 300w, https:\/\/www.le-herisson-ramoneur.fr\/wp-content\/uploads\/2016\/01\/bistre-768x741.jpg 768w, https:\/\/www.le-herisson-ramoneur.fr\/wp-content\/uploads\/2016\/01\/bistre-1024x989.jpg 1024w\" sizes=\"auto, (max-width: 300px) 100vw, 300px\" \/><\/a><\/p>\n<h2><\/h2>\n<p style=\"text-align: center;\"><span style=\"font-size: 20px; font-family: handel-gothic;\"><strong>Le bistre est une mati\u00e8re noire et odorante qui r\u00e9sulte de la d\u00e9gradation des suies et des goudrons qui se <\/strong><\/span><\/p>\n<p style=\"text-align: center;\"><span style=\"font-size: 20px; font-family: handel-gothic;\"><strong>condensent sur les parois du conduit.<\/strong><\/span><\/p>\n<p>&nbsp;<\/p>\n<p style=\"text-align: center;\"><span style=\"font-size: 20px; font-family: handel-gothic;\"><strong>Le bistre est hautement inflammable et est \u00e0 l&rsquo;origine des feux de chemin\u00e9e.<\/strong><\/span><\/p>\n<h2><span style=\"text-decoration: underline;\"><span style=\"font-family: handel-gothic; color: #ce6700;\">Le D\u00e9bristrage<\/span><span id=\"transmark\"><\/span><\/span><\/h2>\n<p>Le <span style=\"text-decoration: underline;\">d\u00e9bistrage<\/span> a pour but de d\u00e9barrasser les parois int\u00e9rieures du conduit de fum\u00e9e du bistre (ou calcin) accumul\u00e9 au fur et \u00e0 mesure des ann\u00e9es. Cette op\u00e9ration est r\u00e9alis\u00e9e \u00e0 l&rsquo;aide d&rsquo;une d\u00e9bistreuse, appareil munie d&rsquo;une t\u00eate rotative \u00e9quip\u00e9e de cha\u00eenes ou de c\u00e2bles au bout desquels sont serties des masselottes. Celles-ci frappent l&rsquo;int\u00e9rieur du conduit afin d&rsquo;en \u00f4ter le bistre. Le travail \u00e0 effectuer demande une pr\u00e9paration et une protection des lieux et de l&rsquo;op\u00e9rateur. Le d\u00e9bistrage proprement-dit demande de 4 \u00e0 8 heures de travail selon la duret\u00e9 du bistre et la dimension du conduit. Cette op\u00e9ration vous permet \u00e9videmment d&rsquo;obtenir un certificat de ramonage. Pour votre s\u00e9curit\u00e9, le d\u00e9bistrage est rendu g\u00e9n\u00e9ralement imp\u00e9ratif avant la pose d&rsquo;un tubage. Seul un professionnel qualifi\u00e9 pourra vous indiquer s&rsquo;il est n\u00e9cessaire ou pas de d\u00e9bistrer un conduit de fum\u00e9e.<\/p>\n<p>Pour la r\u00e9alisation d&rsquo;un devis, une visite pr\u00e9alable au <span style=\"text-decoration: underline;\">d\u00e9bistrage<\/span> est obligatoire. Il est n\u00e9cessaire d&rsquo;estimer le degr\u00e9 d&rsquo;encrassement du conduit, de v\u00e9rifier l&rsquo;accessibilit\u00e9 de celui-ci ainsi que sa hauteur.<\/p>\n<p>&nbsp;<\/p>\n<p>&nbsp;<\/p>\n<p>&nbsp;<\/p>\n<p style=\"text-align: center;\"><strong><span style=\"font-family: handel-gothic; font-size: 24px; color: #ce6700;\">Lors de cette intervention nous prot\u00e9geons particuli\u00e8rement les lieux&#8230;.<\/span><\/strong><\/p>\n<p style=\"text-align: center;\"><a href=\"https:\/\/www.le-herisson-ramoneur.fr\/wp-content\/uploads\/2016\/01\/D\u00e9bistrage.jpg\"><img loading=\"lazy\" decoding=\"async\" class=\"size-medium wp-image-648 alignleft\" src=\"https:\/\/www.le-herisson-ramoneur.fr\/wp-content\/uploads\/2016\/01\/D\u00e9bistrage-300x225.jpg\" alt=\"D\u00e9bistrage\" width=\"300\" height=\"225\" srcset=\"https:\/\/www.le-herisson-ramoneur.fr\/wp-content\/uploads\/2016\/01\/D\u00e9bistrage-300x225.jpg 300w, https:\/\/www.le-herisson-ramoneur.fr\/wp-content\/uploads\/2016\/01\/D\u00e9bistrage-768x576.jpg 768w, https:\/\/www.le-herisson-ramoneur.fr\/wp-content\/uploads\/2016\/01\/D\u00e9bistrage-1024x768.jpg 1024w\" sizes=\"auto, (max-width: 300px) 100vw, 300px\" \/><\/a><a href=\"https:\/\/www.le-herisson-ramoneur.fr\/wp-content\/uploads\/2016\/01\/Prep-D\u00e9bistrage.jpg\"><img loading=\"lazy\" decoding=\"async\" class=\"size-medium wp-image-649 alignright\" src=\"https:\/\/www.le-herisson-ramoneur.fr\/wp-content\/uploads\/2016\/01\/Prep-D\u00e9bistrage-300x225.jpg\" alt=\"Prep D\u00e9bistrage\" width=\"300\" height=\"225\" srcset=\"https:\/\/www.le-herisson-ramoneur.fr\/wp-content\/uploads\/2016\/01\/Prep-D\u00e9bistrage-300x225.jpg 300w, https:\/\/www.le-herisson-ramoneur.fr\/wp-content\/uploads\/2016\/01\/Prep-D\u00e9bistrage-768x576.jpg 768w, https:\/\/www.le-herisson-ramoneur.fr\/wp-content\/uploads\/2016\/01\/Prep-D\u00e9bistrage-1024x768.jpg 1024w\" sizes=\"auto, (max-width: 300px) 100vw, 300px\" \/><\/a><\/p>\n","protected":false},"excerpt":{"rendered":"<p>Le Bistre c&rsquo;est quoi ? Le bistre est une mati\u00e8re noire et odorante qui r\u00e9sulte de la d\u00e9gradation des suies et des goudrons qui se condensent sur les parois du <a class=\"more-link\" href=\"https:\/\/www.le-herisson-ramoneur.fr\/index.php\/nos-services\/debistrage\/\">Continue Reading \u2192<\/a><\/p>\n","protected":false},"author":2,"featured_media":0,"parent":12,"menu_order":0,"comment_status":"closed","ping_status":"closed","template":"","meta":{"footnotes":""},"class_list":["post-16","page","type-page","status-publish","hentry"],"aioseo_notices":[],"_links":{"self":[{"href":"https:\/\/www.le-herisson-ramoneur.fr\/index.php\/wp-json\/wp\/v2\/pages\/16","targetHints":{"allow":["GET"]}}],"collection":[{"href":"https:\/\/www.le-herisson-ramoneur.fr\/index.php\/wp-json\/wp\/v2\/pages"}],"about":[{"href":"https:\/\/www.le-herisson-ramoneur.fr\/index.php\/wp-json\/wp\/v2\/types\/page"}],"author":[{"embeddable":true,"href":"https:\/\/www.le-herisson-ramoneur.fr\/index.php\/wp-json\/wp\/v2\/users\/2"}],"replies":[{"embeddable":true,"href":"https:\/\/www.le-herisson-ramoneur.fr\/index.php\/wp-json\/wp\/v2\/comments?post=16"}],"version-history":[{"count":23,"href":"https:\/\/www.le-herisson-ramoneur.fr\/index.php\/wp-json\/wp\/v2\/pages\/16\/revisions"}],"predecessor-version":[{"id":800,"href":"https:\/\/www.le-herisson-ramoneur.fr\/index.php\/wp-json\/wp\/v2\/pages\/16\/revisions\/800"}],"up":[{"embeddable":true,"href":"https:\/\/www.le-herisson-ramoneur.fr\/index.php\/wp-json\/wp\/v2\/pages\/12"}],"wp:attachment":[{"href":"https:\/\/www.le-herisson-ramoneur.fr\/index.php\/wp-json\/wp\/v2\/media?parent=16"}],"curies":[{"name":"wp","href":"https:\/\/api.w.org\/{rel}","templated":true}]}}