{"id":14,"date":"2016-01-11T14:41:02","date_gmt":"2016-01-11T13:41:02","guid":{"rendered":"http:\/\/le-herisson-ramoneur.fr\/?page_id=14"},"modified":"2020-03-01T11:27:22","modified_gmt":"2020-03-01T10:27:22","slug":"ramonage-particuliers","status":"publish","type":"page","link":"https:\/\/www.le-herisson-ramoneur.fr\/index.php\/nos-services\/ramonage-particuliers\/","title":{"rendered":"Le h\u00e9risson ramoneur | ramonage"},"content":{"rendered":"<h1 class=\"Standard\"><span style=\"font-family: Verdana,Geneva; font-size: 20px; color: #db6700;\">Nous effectuons le ramonage des conduits de fum\u00e9e des po\u00eales \u00e0 bois, inserts \u00e0 bois, chaudi\u00e8res \u00e0 bois, cuisini\u00e8res bois, foyers ouverts ainsi que l&rsquo;entretien des po\u00eales \u00e0 granul\u00e9s. Nous sommes \u00e9quip\u00e9s d&rsquo;une centrale de ramonage permettant une aspiration efficace, vous garantissant un ramonage de qualit\u00e9.<\/span><span id=\"transmark\"><\/span><\/h1>\n<h2 class=\"Standard\"><u>Ramonage manuel\u00a0:<\/u><\/h2>\n<p class=\"Standard\">Le ramonage consiste \u00e0 faire tomber la couche de suie qui encombre le conduit de fum\u00e9e \u00e0 l&rsquo;aide d&rsquo;un h\u00e9risson adapt\u00e9 \u00e0 la nature et \u00e0 la taille du conduit.<\/p>\n<p class=\"Standard\"><strong>Quand l&rsquo;installation le permet nous effectuons le ramonage par le bas, en effet:\u00a0<\/strong><\/p>\n<p class=\"Standard\">\u00a0-Il n&rsquo;engendre pas de majoration du tarif li\u00e9e \u00e0 la mise en place des \u00e9chelles, \u00e0 la s\u00e9curisation de l&rsquo;intervenant et \u00e0 l&rsquo;augmentation du temps de l&rsquo;intervention<\/p>\n<p class=\"Standard\">-Il limite le risque de chute et pr\u00e9serve l&rsquo;int\u00e9grit\u00e9 de votre toiture\u00a0 m\u00eame si nous prenons toutes les pr\u00e9cautions<\/p>\n<p class=\"Standard\"><em><strong>A noter:<\/strong><\/em> les gaines double peau ont un principe de fabrication avec agrafage de 2 feuillards Inox en recouvrement, en ramonant par le bas<\/p>\n<h2 class=\"Standard\"><u>Ramonage Rotatif<\/u><\/h2>\n<p class=\"Standard\">Il est choisi par le ramoneur si le ramonage manuel s&rsquo;av\u00e8re \u00eatre insuffisant, pour cause de conduit trop encrass\u00e9 par la suie qui s&rsquo;y est accumul\u00e9e. Il est ex\u00e9cut\u00e9 \u00e0 l&rsquo;aide d&rsquo;un syst\u00e8me rotatif , il remplace le h\u00e9risson.<\/p>\n<p class=\"Standard\" style=\"text-align: center;\"><a href=\"https:\/\/www.le-herisson-ramoneur.fr\/wp-content\/uploads\/2020\/03\/rotatf-ludo.jpg\"><img loading=\"lazy\" decoding=\"async\" class=\"alignnone size-medium wp-image-624\" src=\"https:\/\/www.le-herisson-ramoneur.fr\/wp-content\/uploads\/2020\/03\/rotatf-ludo-300x251.jpg\" alt=\"rotatf ludo\" width=\"300\" height=\"251\" srcset=\"https:\/\/www.le-herisson-ramoneur.fr\/wp-content\/uploads\/2020\/03\/rotatf-ludo-300x251.jpg 300w, https:\/\/www.le-herisson-ramoneur.fr\/wp-content\/uploads\/2020\/03\/rotatf-ludo-768x644.jpg 768w, https:\/\/www.le-herisson-ramoneur.fr\/wp-content\/uploads\/2020\/03\/rotatf-ludo.jpg 940w\" sizes=\"auto, (max-width: 300px) 100vw, 300px\" \/><\/a><\/p>\n<h2 class=\"Standard\">\u00a0<u>Po\u00eale \u00e0 granul\u00e9s<\/u><\/h2>\n<p class=\"Standard\">\u00a0Nous proc\u00e9dons \u00e0 l&rsquo;entretien annuel de votre po\u00eale \u00e0 granul\u00e9s ainsi qu&rsquo;au nettoyage de son conduit de fum\u00e9e. Nous rempla\u00e7ons lors de cette intervention les joints de votre appareil.<\/p>\n<p class=\"Standard\">Cette intervention longue de par le d\u00e9montage et nettoyage de plusieurs pi\u00e8ces nous prendra une demi journ\u00e9e (environ 3h00).<\/p>\n<h3 class=\"Standard\"><span style=\"font-family: Verdana,Geneva; color: #db6700;\"><em> A l&rsquo;issue de chaque ramonage, quel qu&rsquo;il soit, nous vous informons sur les \u00e9ventuels dysfonctionnements de l&rsquo;installation et sur la qualit\u00e9 de la combustion, nous vous d\u00e9livrons un certificat de ramonage.<\/em><\/span><\/h3>\n","protected":false},"excerpt":{"rendered":"<p>Nous effectuons le ramonage des conduits de fum\u00e9e des po\u00eales \u00e0 bois, inserts \u00e0 bois, chaudi\u00e8res \u00e0 bois, cuisini\u00e8res bois, foyers ouverts ainsi que l&rsquo;entretien des po\u00eales \u00e0 granul\u00e9s. Nous <a class=\"more-link\" href=\"https:\/\/www.le-herisson-ramoneur.fr\/index.php\/nos-services\/ramonage-particuliers\/\">Continue Reading \u2192<\/a><\/p>\n","protected":false},"author":2,"featured_media":0,"parent":12,"menu_order":0,"comment_status":"closed","ping_status":"closed","template":"","meta":{"footnotes":""},"class_list":["post-14","page","type-page","status-publish","hentry"],"aioseo_notices":[],"_links":{"self":[{"href":"https:\/\/www.le-herisson-ramoneur.fr\/index.php\/wp-json\/wp\/v2\/pages\/14","targetHints":{"allow":["GET"]}}],"collection":[{"href":"https:\/\/www.le-herisson-ramoneur.fr\/index.php\/wp-json\/wp\/v2\/pages"}],"about":[{"href":"https:\/\/www.le-herisson-ramoneur.fr\/index.php\/wp-json\/wp\/v2\/types\/page"}],"author":[{"embeddable":true,"href":"https:\/\/www.le-herisson-ramoneur.fr\/index.php\/wp-json\/wp\/v2\/users\/2"}],"replies":[{"embeddable":true,"href":"https:\/\/www.le-herisson-ramoneur.fr\/index.php\/wp-json\/wp\/v2\/comments?post=14"}],"version-history":[{"count":16,"href":"https:\/\/www.le-herisson-ramoneur.fr\/index.php\/wp-json\/wp\/v2\/pages\/14\/revisions"}],"predecessor-version":[{"id":626,"href":"https:\/\/www.le-herisson-ramoneur.fr\/index.php\/wp-json\/wp\/v2\/pages\/14\/revisions\/626"}],"up":[{"embeddable":true,"href":"https:\/\/www.le-herisson-ramoneur.fr\/index.php\/wp-json\/wp\/v2\/pages\/12"}],"wp:attachment":[{"href":"https:\/\/www.le-herisson-ramoneur.fr\/index.php\/wp-json\/wp\/v2\/media?parent=14"}],"curies":[{"name":"wp","href":"https:\/\/api.w.org\/{rel}","templated":true}]}}