{"id":12,"date":"2016-01-11T14:39:11","date_gmt":"2016-01-11T13:39:11","guid":{"rendered":"http:\/\/le-herisson-ramoneur.fr\/?page_id=12"},"modified":"2017-11-09T15:41:32","modified_gmt":"2017-11-09T14:41:32","slug":"nos-services","status":"publish","type":"page","link":"https:\/\/www.le-herisson-ramoneur.fr\/index.php\/nos-services\/","title":{"rendered":"Nos services"},"content":{"rendered":"<p>Nous pouvons planifier avec vous votre rendez-vous de l&rsquo;ann\u00e9e suivante lors de notre passage, vous choisissez le mois pour le planifier (apr\u00e8s la saison de chauffe, au printemps ou durant l&rsquo;\u00e9t\u00e9), ce qui \u00e9vite un oubli ou une attente trop longue.<\/p>\n","protected":false},"excerpt":{"rendered":"<p>Nous pouvons planifier avec vous votre rendez-vous de l&rsquo;ann\u00e9e suivante lors de notre passage, vous choisissez le mois pour le planifier (apr\u00e8s la saison de chauffe, au printemps ou durant <a class=\"more-link\" href=\"https:\/\/www.le-herisson-ramoneur.fr\/index.php\/nos-services\/\">Continue Reading \u2192<\/a><\/p>\n","protected":false},"author":2,"featured_media":0,"parent":0,"menu_order":0,"comment_status":"closed","ping_status":"closed","template":"","meta":{"footnotes":""},"class_list":["post-12","page","type-page","status-publish","hentry"],"aioseo_notices":[],"_links":{"self":[{"href":"https:\/\/www.le-herisson-ramoneur.fr\/index.php\/wp-json\/wp\/v2\/pages\/12","targetHints":{"allow":["GET"]}}],"collection":[{"href":"https:\/\/www.le-herisson-ramoneur.fr\/index.php\/wp-json\/wp\/v2\/pages"}],"about":[{"href":"https:\/\/www.le-herisson-ramoneur.fr\/index.php\/wp-json\/wp\/v2\/types\/page"}],"author":[{"embeddable":true,"href":"https:\/\/www.le-herisson-ramoneur.fr\/index.php\/wp-json\/wp\/v2\/users\/2"}],"replies":[{"embeddable":true,"href":"https:\/\/www.le-herisson-ramoneur.fr\/index.php\/wp-json\/wp\/v2\/comments?post=12"}],"version-history":[{"count":3,"href":"https:\/\/www.le-herisson-ramoneur.fr\/index.php\/wp-json\/wp\/v2\/pages\/12\/revisions"}],"predecessor-version":[{"id":396,"href":"https:\/\/www.le-herisson-ramoneur.fr\/index.php\/wp-json\/wp\/v2\/pages\/12\/revisions\/396"}],"wp:attachment":[{"href":"https:\/\/www.le-herisson-ramoneur.fr\/index.php\/wp-json\/wp\/v2\/media?parent=12"}],"curies":[{"name":"wp","href":"https:\/\/api.w.org\/{rel}","templated":true}]}}