{"id":1174,"date":"2023-04-14T08:17:45","date_gmt":"2023-04-14T07:17:45","guid":{"rendered":"http:\/\/www.le-herisson-ramoneur.fr\/?page_id=1174"},"modified":"2023-06-18T18:54:29","modified_gmt":"2023-06-18T17:54:29","slug":"kindling-cracker","status":"publish","type":"page","link":"https:\/\/www.le-herisson-ramoneur.fr\/index.php\/kindling-cracker\/","title":{"rendered":"Kindling Cracker"},"content":{"rendered":"<p style=\"text-align: center;\"><span style=\"font-family: handel-gothic; font-size: 32px;\"><span style=\"color: #950000; font-size: 36px;\">Connaissez-vous le Kindling Cracker ?<\/span> <a href=\"https:\/\/www.le-herisson-ramoneur.fr\/wp-content\/uploads\/2023\/04\/Kindling_Cracker_HighRes_19.jpg\"><img loading=\"lazy\" decoding=\"async\" class=\"size-medium wp-image-1177 alignright\" src=\"https:\/\/www.le-herisson-ramoneur.fr\/wp-content\/uploads\/2023\/04\/Kindling_Cracker_HighRes_19-300x200.jpg\" alt=\"Kindling_Cracker_HighRes_19\" width=\"300\" height=\"200\" srcset=\"https:\/\/www.le-herisson-ramoneur.fr\/wp-content\/uploads\/2023\/04\/Kindling_Cracker_HighRes_19-300x200.jpg 300w, https:\/\/www.le-herisson-ramoneur.fr\/wp-content\/uploads\/2023\/04\/Kindling_Cracker_HighRes_19-768x512.jpg 768w, https:\/\/www.le-herisson-ramoneur.fr\/wp-content\/uploads\/2023\/04\/Kindling_Cracker_HighRes_19-1024x683.jpg 1024w, https:\/\/www.le-herisson-ramoneur.fr\/wp-content\/uploads\/2023\/04\/Kindling_Cracker_HighRes_19-400x267.jpg 400w\" sizes=\"auto, (max-width: 300px) 100vw, 300px\" \/><\/a><\/span><\/p>\n<p style=\"text-align: center;\"><span style=\"font-family: Trebuchet MS, Geneva; font-size: 24px;\">Il va r\u00e9volutionner l&rsquo;allumage de votre po\u00eale \u00e0 bois !<\/span><\/p>\n<p style=\"text-align: center;\"><span style=\"font-family: Trebuchet MS, Geneva; font-size: 24px;\">Nous vous incitons \u00e0 pratiquer l&rsquo;allumage invers\u00e9 pour d\u00e9marrer votre po\u00eale ou votre insert, pour cela il est n\u00e9cessaire d&rsquo;avoir du petit bois, alors le Kindling Cracker est l&rsquo;outil id\u00e9al !<br \/>\n<\/span><\/p>\n<p style=\"text-align: center;\"><span style=\"font-family: Trebuchet MS, Geneva; font-size: 24px;\">Vous le posez sur un plan stable ou billot de bois, vous prenez votre b\u00fbche, une massette et vous la transformez en petit bois !<br \/>\n<\/span><\/p>\n<p style=\"text-align: center;\"><span style=\"font-family: handel-gothic; font-size: 28px; color: #950000;\"><strong>Le Kindling Cracker est fabriqu\u00e9e en fonte massive <\/strong><strong>de premi\u00e8re qualit\u00e9\u00a0<\/strong> <\/span><\/p>\n<p style=\"text-align: center;\"><span style=\"font-family: handel-gothic; font-size: 20px;\"><em>(attention, il existe des copies fabriqu\u00e9es en Asie de pi\u00e8tre qualit\u00e9, ne vous laissez pas pi\u00e9ger par leur tarif attractif!)<\/em><\/span><\/p>\n<p style=\"text-align: center;\"><a href=\"https:\/\/www.le-herisson-ramoneur.fr\/wp-content\/uploads\/2023\/04\/Kindling_Cracker_HighRes_02.jpg\"><img loading=\"lazy\" decoding=\"async\" class=\"alignnone size-medium wp-image-1176\" src=\"https:\/\/www.le-herisson-ramoneur.fr\/wp-content\/uploads\/2023\/04\/Kindling_Cracker_HighRes_02-200x300.jpg\" alt=\"Kindling_Cracker_HighRes_02\" width=\"200\" height=\"300\" srcset=\"https:\/\/www.le-herisson-ramoneur.fr\/wp-content\/uploads\/2023\/04\/Kindling_Cracker_HighRes_02-200x300.jpg 200w, https:\/\/www.le-herisson-ramoneur.fr\/wp-content\/uploads\/2023\/04\/Kindling_Cracker_HighRes_02-768x1152.jpg 768w, https:\/\/www.le-herisson-ramoneur.fr\/wp-content\/uploads\/2023\/04\/Kindling_Cracker_HighRes_02-683x1024.jpg 683w\" sizes=\"auto, (max-width: 200px) 100vw, 200px\" \/><\/a><\/p>\n<p style=\"text-align: center;\"><span style=\"font-family: Trebuchet MS, Geneva; font-size: 28px;\">Venez le d\u00e9couvrir il est en vente dans notre magasin!<\/span><\/p>\n<p>&nbsp;<\/p>\n","protected":false},"excerpt":{"rendered":"<p>Connaissez-vous le Kindling Cracker ? Il va r\u00e9volutionner l&rsquo;allumage de votre po\u00eale \u00e0 bois ! Nous vous incitons \u00e0 pratiquer l&rsquo;allumage invers\u00e9 pour d\u00e9marrer votre po\u00eale ou votre insert, pour <a class=\"more-link\" href=\"https:\/\/www.le-herisson-ramoneur.fr\/index.php\/kindling-cracker\/\">Continue Reading \u2192<\/a><\/p>\n","protected":false},"author":2,"featured_media":0,"parent":0,"menu_order":0,"comment_status":"closed","ping_status":"closed","template":"","meta":{"footnotes":""},"class_list":["post-1174","page","type-page","status-publish","hentry"],"aioseo_notices":[],"_links":{"self":[{"href":"https:\/\/www.le-herisson-ramoneur.fr\/index.php\/wp-json\/wp\/v2\/pages\/1174","targetHints":{"allow":["GET"]}}],"collection":[{"href":"https:\/\/www.le-herisson-ramoneur.fr\/index.php\/wp-json\/wp\/v2\/pages"}],"about":[{"href":"https:\/\/www.le-herisson-ramoneur.fr\/index.php\/wp-json\/wp\/v2\/types\/page"}],"author":[{"embeddable":true,"href":"https:\/\/www.le-herisson-ramoneur.fr\/index.php\/wp-json\/wp\/v2\/users\/2"}],"replies":[{"embeddable":true,"href":"https:\/\/www.le-herisson-ramoneur.fr\/index.php\/wp-json\/wp\/v2\/comments?post=1174"}],"version-history":[{"count":7,"href":"https:\/\/www.le-herisson-ramoneur.fr\/index.php\/wp-json\/wp\/v2\/pages\/1174\/revisions"}],"predecessor-version":[{"id":1198,"href":"https:\/\/www.le-herisson-ramoneur.fr\/index.php\/wp-json\/wp\/v2\/pages\/1174\/revisions\/1198"}],"wp:attachment":[{"href":"https:\/\/www.le-herisson-ramoneur.fr\/index.php\/wp-json\/wp\/v2\/media?parent=1174"}],"curies":[{"name":"wp","href":"https:\/\/api.w.org\/{rel}","templated":true}]}}